{"id":1083,"date":"2019-09-18T13:22:45","date_gmt":"2019-09-18T11:22:45","guid":{"rendered":"https:\/\/www.ildi-metal.ba\/?page_id=1083"},"modified":"2023-12-25T20:41:23","modified_gmt":"2023-12-25T19:41:23","slug":"team","status":"publish","type":"page","link":"https:\/\/www.ildi-metal.ba\/de\/team\/","title":{"rendered":"Team"},"content":{"rendered":"\t\t<div data-elementor-type=\"wp-post\" data-elementor-id=\"1083\" class=\"elementor elementor-1083 elementor-546\" data-elementor-post-type=\"page\">\n\t\t\t\t\t\t<section class=\"elementor-section elementor-top-section elementor-element elementor-element-4f6e1a91 elementor-section-full_width elementor-section-height-default elementor-section-height-default\" data-id=\"4f6e1a91\" data-element_type=\"section\" data-settings=\"{&quot;background_background&quot;:&quot;classic&quot;}\">\n\t\t\t\t\t\t<div class=\"elementor-container elementor-column-gap-no\">\n\t\t\t\t\t<div class=\"elementor-column elementor-col-100 elementor-top-column elementor-element elementor-element-4deab3c0\" data-id=\"4deab3c0\" data-element_type=\"column\">\n\t\t\t<div class=\"elementor-widget-wrap elementor-element-populated\">\n\t\t\t\t\t\t<div class=\"elementor-element elementor-element-6dfa6c8a elementor-widget-divider--view-line elementor-widget elementor-widget-global elementor-global-328 elementor-widget-divider\" data-id=\"6dfa6c8a\" data-element_type=\"widget\" data-widget_type=\"divider.default\">\n\t\t\t\t<div class=\"elementor-widget-container\">\n\t\t\t\t\t\t\t<div class=\"elementor-divider\">\n\t\t\t<span class=\"elementor-divider-separator\">\n\t\t\t\t\t\t<\/span>\n\t\t<\/div>\n\t\t\t\t\t\t<\/div>\n\t\t\t\t<\/div>\n\t\t\t\t\t<\/div>\n\t\t<\/div>\n\t\t\t\t\t<\/div>\n\t\t<\/section>\n\t\t\t\t<section class=\"elementor-section elementor-top-section elementor-element elementor-element-1827701c elementor-section-boxed elementor-section-height-default elementor-section-height-default\" data-id=\"1827701c\" data-element_type=\"section\" data-settings=\"{&quot;background_background&quot;:&quot;classic&quot;}\">\n\t\t\t\t\t\t<div class=\"elementor-container elementor-column-gap-default\">\n\t\t\t\t\t<div class=\"elementor-column elementor-col-100 elementor-top-column elementor-element elementor-element-28003f6b\" data-id=\"28003f6b\" data-element_type=\"column\">\n\t\t\t<div class=\"elementor-widget-wrap elementor-element-populated\">\n\t\t\t\t\t\t<div class=\"elementor-element elementor-element-6513941e elementor-widget elementor-widget-heading\" data-id=\"6513941e\" data-element_type=\"widget\" data-widget_type=\"heading.default\">\n\t\t\t\t<div class=\"elementor-widget-container\">\n\t\t\t\t\t<h1 class=\"elementor-heading-title elementor-size-default\">Team<\/h1>\t\t\t\t<\/div>\n\t\t\t\t<\/div>\n\t\t\t\t<div class=\"elementor-element elementor-element-4734760b elementor-widget elementor-widget-text-editor\" data-id=\"4734760b\" data-element_type=\"widget\" data-widget_type=\"text-editor.default\">\n\t\t\t\t<div class=\"elementor-widget-container\">\n\t\t\t\t\t\t\t\t\t<p>Die Mitarbeiter in<b> Ildi \u2013 Metal d.o.o.<\/b> weisen ein hohes Niveu an Professionalit\u00e4t, langj\u00e4hrige Erfahrung im Bereich der <br \/>CNC-Technologien, Zuverl\u00e4ssigkeit und Engagement. Gemeinsam erreichen wir H\u00f6chstleistungen. <br \/>Lernen Sie unsere Mitarbeiter kennen.<\/p>\t\t\t\t\t\t\t\t<\/div>\n\t\t\t\t<\/div>\n\t\t\t\t<div class=\"elementor-element elementor-element-53da3777 elementor-widget-divider--view-line elementor-widget elementor-widget-global elementor-global-328 elementor-widget-divider\" data-id=\"53da3777\" data-element_type=\"widget\" data-widget_type=\"divider.default\">\n\t\t\t\t<div class=\"elementor-widget-container\">\n\t\t\t\t\t\t\t<div class=\"elementor-divider\">\n\t\t\t<span class=\"elementor-divider-separator\">\n\t\t\t\t\t\t<\/span>\n\t\t<\/div>\n\t\t\t\t\t\t<\/div>\n\t\t\t\t<\/div>\n\t\t\t\t\t<\/div>\n\t\t<\/div>\n\t\t\t\t\t<\/div>\n\t\t<\/section>\n\t\t\t\t<section class=\"elementor-section elementor-top-section elementor-element elementor-element-69d81bb elementor-section-boxed elementor-section-height-default elementor-section-height-default\" data-id=\"69d81bb\" data-element_type=\"section\" data-settings=\"{&quot;background_background&quot;:&quot;classic&quot;}\">\n\t\t\t\t\t\t<div class=\"elementor-container elementor-column-gap-default\">\n\t\t\t\t\t<div class=\"elementor-column elementor-col-100 elementor-top-column elementor-element elementor-element-2ff3d1a6\" data-id=\"2ff3d1a6\" data-element_type=\"column\">\n\t\t\t<div class=\"elementor-widget-wrap elementor-element-populated\">\n\t\t\t\t\t\t<section class=\"elementor-section elementor-inner-section elementor-element elementor-element-6ad1048e elementor-section-boxed elementor-section-height-default elementor-section-height-default\" data-id=\"6ad1048e\" data-element_type=\"section\">\n\t\t\t\t\t\t<div class=\"elementor-container elementor-column-gap-default\">\n\t\t\t\t\t<div class=\"elementor-column elementor-col-25 elementor-inner-column elementor-element elementor-element-6cdafff5\" data-id=\"6cdafff5\" data-element_type=\"column\">\n\t\t\t<div class=\"elementor-widget-wrap elementor-element-populated\">\n\t\t\t\t\t\t<div class=\"elementor-element elementor-element-54ae37d9 elementor-position-top elementor-widget elementor-widget-image-box\" data-id=\"54ae37d9\" data-element_type=\"widget\" data-widget_type=\"image-box.default\">\n\t\t\t\t<div class=\"elementor-widget-container\">\n\t\t\t\t\t<div class=\"elementor-image-box-wrapper\"><figure class=\"elementor-image-box-img\"><img fetchpriority=\"high\" decoding=\"async\" width=\"400\" height=\"400\" src=\"https:\/\/www.ildi-metal.ba\/wp-content\/uploads\/2019\/09\/04.jpg\" class=\"attachment-full size-full wp-image-778\" alt=\"\" srcset=\"https:\/\/www.ildi-metal.ba\/wp-content\/uploads\/2019\/09\/04.jpg 400w, https:\/\/www.ildi-metal.ba\/wp-content\/uploads\/2019\/09\/04-150x150.jpg 150w, https:\/\/www.ildi-metal.ba\/wp-content\/uploads\/2019\/09\/04-300x300.jpg 300w\" sizes=\"(max-width: 400px) 100vw, 400px\" \/><\/figure><div class=\"elementor-image-box-content\"><h3 class=\"elementor-image-box-title\">\u0106ori\u0107 Halil<\/h3><p class=\"elementor-image-box-description\">CEO \/ Inhaber<br><br>\nE-Mail: halil-974@hotmail.com<br>\nTel: +387 62 128 919<br>\nTel: +387 35 822 105\n\n\n<\/p><\/div><\/div>\t\t\t\t<\/div>\n\t\t\t\t<\/div>\n\t\t\t\t\t<\/div>\n\t\t<\/div>\n\t\t\t\t<div class=\"elementor-column elementor-col-25 elementor-inner-column elementor-element elementor-element-396aa1e7\" data-id=\"396aa1e7\" data-element_type=\"column\">\n\t\t\t<div class=\"elementor-widget-wrap elementor-element-populated\">\n\t\t\t\t\t\t<div class=\"elementor-element elementor-element-6b1d4006 elementor-position-top elementor-widget elementor-widget-image-box\" data-id=\"6b1d4006\" data-element_type=\"widget\" data-widget_type=\"image-box.default\">\n\t\t\t\t<div class=\"elementor-widget-container\">\n\t\t\t\t\t<div class=\"elementor-image-box-wrapper\"><figure class=\"elementor-image-box-img\"><img decoding=\"async\" width=\"400\" height=\"400\" src=\"https:\/\/www.ildi-metal.ba\/wp-content\/uploads\/2019\/09\/02.jpg\" class=\"attachment-full size-full wp-image-780\" alt=\"\" srcset=\"https:\/\/www.ildi-metal.ba\/wp-content\/uploads\/2019\/09\/02.jpg 400w, https:\/\/www.ildi-metal.ba\/wp-content\/uploads\/2019\/09\/02-150x150.jpg 150w, https:\/\/www.ildi-metal.ba\/wp-content\/uploads\/2019\/09\/02-300x300.jpg 300w\" sizes=\"(max-width: 400px) 100vw, 400px\" \/><\/figure><div class=\"elementor-image-box-content\"><h3 class=\"elementor-image-box-title\">\u0160ameri\u0107 Adisa<\/h3><p class=\"elementor-image-box-description\">Asistentin von CEO Coric Halil<br><br>\nE-Mail: adisa@ildi-metal.ba<br>\nTel: +387 35 822 105\n<\/p><\/div><\/div>\t\t\t\t<\/div>\n\t\t\t\t<\/div>\n\t\t\t\t\t<\/div>\n\t\t<\/div>\n\t\t\t\t<div class=\"elementor-column elementor-col-25 elementor-inner-column elementor-element elementor-element-7aab9d32\" data-id=\"7aab9d32\" data-element_type=\"column\">\n\t\t\t<div class=\"elementor-widget-wrap elementor-element-populated\">\n\t\t\t\t\t\t<div class=\"elementor-element elementor-element-1423d3cd elementor-position-top elementor-widget elementor-widget-image-box\" data-id=\"1423d3cd\" data-element_type=\"widget\" data-widget_type=\"image-box.default\">\n\t\t\t\t<div class=\"elementor-widget-container\">\n\t\t\t\t\t<div class=\"elementor-image-box-wrapper\"><figure class=\"elementor-image-box-img\"><img decoding=\"async\" width=\"400\" height=\"400\" src=\"https:\/\/www.ildi-metal.ba\/wp-content\/uploads\/2019\/09\/01.jpg\" class=\"attachment-full size-full wp-image-779\" alt=\"\" srcset=\"https:\/\/www.ildi-metal.ba\/wp-content\/uploads\/2019\/09\/01.jpg 400w, https:\/\/www.ildi-metal.ba\/wp-content\/uploads\/2019\/09\/01-150x150.jpg 150w, https:\/\/www.ildi-metal.ba\/wp-content\/uploads\/2019\/09\/01-300x300.jpg 300w\" sizes=\"(max-width: 400px) 100vw, 400px\" \/><\/figure><div class=\"elementor-image-box-content\"><h3 class=\"elementor-image-box-title\">Zurahid Kamberovi\u0107<\/h3><p class=\"elementor-image-box-description\">CTO<br><br>\nE-Mail: zurahid@ildi-metal.ba<br>Tel: +387 35 822 105\n<\/p><\/div><\/div>\t\t\t\t<\/div>\n\t\t\t\t<\/div>\n\t\t\t\t\t<\/div>\n\t\t<\/div>\n\t\t\t\t<div class=\"elementor-column elementor-col-25 elementor-inner-column elementor-element elementor-element-1217bfe5\" data-id=\"1217bfe5\" data-element_type=\"column\">\n\t\t\t<div class=\"elementor-widget-wrap elementor-element-populated\">\n\t\t\t\t\t\t<div class=\"elementor-element elementor-element-6b29b80a elementor-position-top elementor-widget elementor-widget-image-box\" data-id=\"6b29b80a\" data-element_type=\"widget\" data-widget_type=\"image-box.default\">\n\t\t\t\t<div class=\"elementor-widget-container\">\n\t\t\t\t\t<div class=\"elementor-image-box-wrapper\"><figure class=\"elementor-image-box-img\"><img loading=\"lazy\" decoding=\"async\" width=\"400\" height=\"400\" src=\"https:\/\/www.ildi-metal.ba\/wp-content\/uploads\/2019\/09\/03.jpg\" class=\"attachment-full size-full wp-image-781\" alt=\"\" srcset=\"https:\/\/www.ildi-metal.ba\/wp-content\/uploads\/2019\/09\/03.jpg 400w, https:\/\/www.ildi-metal.ba\/wp-content\/uploads\/2019\/09\/03-150x150.jpg 150w, https:\/\/www.ildi-metal.ba\/wp-content\/uploads\/2019\/09\/03-300x300.jpg 300w\" sizes=\"(max-width: 400px) 100vw, 400px\" \/><\/figure><div class=\"elementor-image-box-content\"><h3 class=\"elementor-image-box-title\">Toki\u0107 Senija<\/h3><p class=\"elementor-image-box-description\">Buchhaltung<br><br>\nE-Mail: senija.tokic@ildi-metal.ba<br>\n Tel: +387 35 822 105\n<\/p><\/div><\/div>\t\t\t\t<\/div>\n\t\t\t\t<\/div>\n\t\t\t\t\t<\/div>\n\t\t<\/div>\n\t\t\t\t\t<\/div>\n\t\t<\/section>\n\t\t\t\t\t<\/div>\n\t\t<\/div>\n\t\t\t\t\t<\/div>\n\t\t<\/section>\n\t\t\t\t<\/div>\n\t\t","protected":false},"excerpt":{"rendered":"<p>Team Die Mitarbeiter in Ildi \u2013 Metal d.o.o. weisen ein hohes Niveu an Professionalit\u00e4t, langj\u00e4hrige Erfahrung im Bereich der CNC-Technologien, Zuverl\u00e4ssigkeit und Engagement. Gemeinsam erreichen wir H\u00f6chstleistungen. Lernen Sie unsere Mitarbeiter kennen. \u0106ori\u0107 Halil CEO \/ Inhaber E-Mail: halil-974@hotmail.com Tel: +387 62 128 919 Tel: +387 35 822 105 \u0160ameri\u0107 [&hellip;]<\/p>\n","protected":false},"author":1,"featured_media":0,"parent":0,"menu_order":0,"comment_status":"closed","ping_status":"closed","template":"page-templates\/template-pagebuilder-full-width.php","meta":{"_monsterinsights_skip_tracking":false,"_monsterinsights_sitenote_active":false,"_monsterinsights_sitenote_note":"","_monsterinsights_sitenote_category":0,"footnotes":""},"class_list":["post-1083","page","type-page","status-publish","hentry"],"_links":{"self":[{"href":"https:\/\/www.ildi-metal.ba\/de\/wp-json\/wp\/v2\/pages\/1083","targetHints":{"allow":["GET"]}}],"collection":[{"href":"https:\/\/www.ildi-metal.ba\/de\/wp-json\/wp\/v2\/pages"}],"about":[{"href":"https:\/\/www.ildi-metal.ba\/de\/wp-json\/wp\/v2\/types\/page"}],"author":[{"embeddable":true,"href":"https:\/\/www.ildi-metal.ba\/de\/wp-json\/wp\/v2\/users\/1"}],"replies":[{"embeddable":true,"href":"https:\/\/www.ildi-metal.ba\/de\/wp-json\/wp\/v2\/comments?post=1083"}],"version-history":[{"count":13,"href":"https:\/\/www.ildi-metal.ba\/de\/wp-json\/wp\/v2\/pages\/1083\/revisions"}],"predecessor-version":[{"id":1867,"href":"https:\/\/www.ildi-metal.ba\/de\/wp-json\/wp\/v2\/pages\/1083\/revisions\/1867"}],"wp:attachment":[{"href":"https:\/\/www.ildi-metal.ba\/de\/wp-json\/wp\/v2\/media?parent=1083"}],"curies":[{"name":"wp","href":"https:\/\/api.w.org\/{rel}","templated":true}]}}