{"id":1394,"date":"2021-07-06T08:43:08","date_gmt":"2021-07-06T06:43:08","guid":{"rendered":"https:\/\/www.ildi-metal.ba\/datenschutzerklaerung-eu\/"},"modified":"2021-07-06T11:21:40","modified_gmt":"2021-07-06T09:21:40","slug":"datenschutzerklaerung-eu","status":"publish","type":"page","link":"https:\/\/www.ildi-metal.ba\/de\/datenschutzerklaerung-eu\/","title":{"rendered":"Datenschutzerkl\u00e4rung"},"content":{"rendered":"\t\t<div data-elementor-type=\"wp-page\" data-elementor-id=\"1394\" class=\"elementor elementor-1394\" data-elementor-post-type=\"page\">\n\t\t\t\t\t\t<section class=\"elementor-section elementor-top-section elementor-element elementor-element-be89178 elementor-section-full_width elementor-section-height-default elementor-section-height-default\" data-id=\"be89178\" data-element_type=\"section\" data-settings=\"{&quot;background_background&quot;:&quot;classic&quot;}\">\n\t\t\t\t\t\t<div class=\"elementor-container elementor-column-gap-no\">\n\t\t\t\t\t<div class=\"elementor-column elementor-col-100 elementor-top-column elementor-element elementor-element-ee0237b\" data-id=\"ee0237b\" data-element_type=\"column\">\n\t\t\t<div class=\"elementor-widget-wrap elementor-element-populated\">\n\t\t\t\t\t\t<div class=\"elementor-element elementor-element-1eb1469 elementor-widget-divider--view-line elementor-widget elementor-widget-global elementor-global-328 elementor-widget-divider\" data-id=\"1eb1469\" data-element_type=\"widget\" data-widget_type=\"divider.default\">\n\t\t\t\t<div class=\"elementor-widget-container\">\n\t\t\t\t\t\t\t<div class=\"elementor-divider\">\n\t\t\t<span class=\"elementor-divider-separator\">\n\t\t\t\t\t\t<\/span>\n\t\t<\/div>\n\t\t\t\t\t\t<\/div>\n\t\t\t\t<\/div>\n\t\t\t\t\t<\/div>\n\t\t<\/div>\n\t\t\t\t\t<\/div>\n\t\t<\/section>\n\t\t\t\t<section class=\"elementor-section elementor-top-section elementor-element elementor-element-f6b8e06 elementor-section-boxed elementor-section-height-default elementor-section-height-default\" data-id=\"f6b8e06\" data-element_type=\"section\" data-settings=\"{&quot;background_background&quot;:&quot;classic&quot;}\">\n\t\t\t\t\t\t<div class=\"elementor-container elementor-column-gap-default\">\n\t\t\t\t\t<div class=\"elementor-column elementor-col-100 elementor-top-column elementor-element elementor-element-afd22be\" data-id=\"afd22be\" data-element_type=\"column\">\n\t\t\t<div class=\"elementor-widget-wrap elementor-element-populated\">\n\t\t\t\t\t\t<div class=\"elementor-element elementor-element-868f4fb elementor-widget elementor-widget-heading\" data-id=\"868f4fb\" data-element_type=\"widget\" data-widget_type=\"heading.default\">\n\t\t\t\t<div class=\"elementor-widget-container\">\n\t\t\t\t\t<h1 class=\"elementor-heading-title elementor-size-default\">Datenschutzerkl\u00e4rung<\/h1>\t\t\t\t<\/div>\n\t\t\t\t<\/div>\n\t\t\t\t\t<\/div>\n\t\t<\/div>\n\t\t\t\t\t<\/div>\n\t\t<\/section>\n\t\t\t\t<section class=\"elementor-section elementor-top-section elementor-element elementor-element-3361e366 elementor-section-boxed elementor-section-height-default elementor-section-height-default\" data-id=\"3361e366\" data-element_type=\"section\" data-settings=\"{&quot;background_background&quot;:&quot;classic&quot;}\">\n\t\t\t\t\t\t<div class=\"elementor-container elementor-column-gap-default\">\n\t\t\t\t\t<div class=\"elementor-column elementor-col-100 elementor-top-column elementor-element elementor-element-195bd14e\" data-id=\"195bd14e\" data-element_type=\"column\">\n\t\t\t<div class=\"elementor-widget-wrap elementor-element-populated\">\n\t\t\t\t\t\t<div class=\"elementor-element elementor-element-3f90b677 elementor-widget elementor-widget-shortcode\" data-id=\"3f90b677\" data-element_type=\"widget\" data-widget_type=\"shortcode.default\">\n\t\t\t\t<div class=\"elementor-widget-container\">\n\t\t\t\t\t\t\t<div class=\"elementor-shortcode\">\n<!-- This legal document was generated by Complianz | GDPR\/CCPA Cookie Consent https:\/\/wordpress.org\/plugins\/complianz-gdpr -->\n<div id=\"cmplz-document\" class=\"cmplz-document privacy-statement\"><p><i>Diese Datenschutzerkl\u00e4rung wurde zuletzt aktualisiert am 9. Juli 2021. und gilt f\u00fcr B\u00fcrger und rechtm\u00e4\u00dfige st\u00e4ndige Einwohner des Europ\u00e4ischen Wirtschaftsraums.\n<\/i><\/p><p>In dieser Datenschutzerkl\u00e4rung erkl\u00e4ren wir was wir mit den Daten, die wir \u00fcber dich via <a href=\"https:\/\/www.ildi-metal.ba\/de\/\">https:\/\/www.ildi-metal.ba\/de\/<\/a> gesammelt haben, tun. Wir empfehlen dir, dieses Dokument sorgf\u00e4ltig zu lesen. W\u00e4hrend unserer Verarbeitung entsprechen wir den gesetzlichen Anforderungen. Dies bedeutet unter anderem:<\/p><ul>\n                <li>Wir geben klar die Zwecke f\u00fcr dir wir pers\u00f6nliche Daten verarbeiten an. Dies geschieht durch diese Datenschutzerkl\u00e4rung.<\/li>\n                <li>Wir zielen darauf ab unsere Sammlung von pers\u00f6nlichen Daten auf jene pers\u00f6nliche Daten zu beschr\u00e4nken die aus legitimen Gr\u00fcnden ben\u00f6tigt werden.<\/li>\n                <li>Wir werden zun\u00e4chst dein explizites Einverst\u00e4ndnis einholen, wenn dies notwendig sein sollte, um deine pers\u00f6nlichen Daten zu verarbeiten.<\/li>\n                <li>Wir unternehmen angemessene Sicherheitsma\u00dfnahmen um deine pers\u00f6nlichen Daten zu sch\u00fctzen und verlangen dies ebenso von Parteien, die pers\u00f6nliche Daten in unserem Auftrag verarbeiten.<\/li>\n                <li>Wir respektieren dein Recht auf Einsichtnahme, Berichtigung oder L\u00f6schung deiner personenbezogenen Daten.<\/li>\n            <\/ul><p>Wenn du Fragen hast oder wissen m\u00f6chtest, welche pers\u00f6nlichen Daten wir \u00fcber dich haben, kontaktiere uns bitte.<\/p><h2>1. Zweck, Daten und Aufbewahrungsfrist<\/h2><details class=\"cmplz-dropdown dropdown-privacy-statement\"><summary><div><h3>1.1 Kontakt - per Telefon, Post, E-Mail und\/oder Webformate<\/h3><\/div><\/summary><p class=\"cmplz-subtitle\">Zu diesem Zweck verwenden wir die folgenden Daten:<\/p><ul><li>Name, Adresse und Ort<\/li><li>E-Mail-Adresse<\/li><\/ul><p class=\"cmplz-subtitle\">Die Grundlage, auf der wir diese Daten verarbeiten k\u00f6nnen, ist:<\/p><a target=\"_blank\" rel=\"noopener noreferrer nofollow\" href=\"https:\/\/cookiedatabase.org\/legal-bases\/#consent\">Einwilligung eingeholt<\/a><p class=\"cmplz-subtitle\">Bewahrungsfrist<\/p>Wir speichern diese Daten bis zur Beendigung des Dienstes.<\/details><details class=\"cmplz-dropdown dropdown-privacy-statement\"><summary><div><h3>1.2 Rundschreiben<\/h3><\/div><\/summary><p class=\"cmplz-subtitle\">Zu diesem Zweck verwenden wir die folgenden Daten:<\/p><ul><li>Name, Adresse und Ort<\/li><li>E-Mail-Adresse<\/li><\/ul><p class=\"cmplz-subtitle\">Die Grundlage, auf der wir diese Daten verarbeiten k\u00f6nnen, ist:<\/p><a target=\"_blank\" rel=\"noopener noreferrer nofollow\" href=\"https:\/\/cookiedatabase.org\/legal-bases\/#consent\">Einwilligung eingeholt<\/a><p class=\"cmplz-subtitle\">Bewahrungsfrist<\/p>Wir speichern diese Daten bis zur Beendigung des Dienstes.<\/details><h2>2. Cookies<\/h2>Unsere Website benutzt Cookies. F\u00fcr mehr Informationen \u00fcber Cookies schaue bitte unter unseren <a href=\"https:\/\/www.ildi-metal.ba\/de\/cookie-richtlinie-eu\/\">Cookie-Richtlinien<\/a> nach.&nbsp;Wir verf\u00fcgen \u00fcber eine Datenverarbeitungsvereinbarung mit Google.Google darf die Daten ausschlie\u00dflich f\u00fcr andere Google-Dienste verwenden.Die Einbeziehung der vollst\u00e4ndigen IP-Adresse ist von uns blockiert.<h2>3. Sicherheit<\/h2>Wir sind der Sicherheit pers\u00f6nlicher Daten verpflichtet. Wir unternehmen angemessene Sicherheitsma\u00dfnahmen um Missbrauch von und unauthorisierten Zugriff auf pers\u00f6nliche Daten zu begrenzen. Dies stellt sicher, dass nur notwendige Personen Zugriff auf deine Daten erhalten, dieser Zugriff gesch\u00fctzt ist und dass unsere Sicherheitsma\u00dfnahmen regelm\u00e4\u00dfig gepr\u00fcft werden.<h2>4. Websites von Drittanbietern<\/h2>Diese Datenschutzerkl\u00e4rung gilt nicht f\u00fcr Websites von Drittparteien, die durch Links auf unserer Website verbunden sind. Wir k\u00f6nnen nicht garantieren, dass diese Drittanbieter deine pers\u00f6nlichen Daten in verl\u00e4sslicher oder sicherer Weise behandeln. Wir empfehlen dir die Datenschutzerkl\u00e4rungen dieser Websites vor deren Nutzung zu lesen.<h2>5. Erg\u00e4nzungen zu dieser Datenschutzerkl\u00e4rung<\/h2>Wir behalten uns das Recht vor, \u00c4nderungen an dieser Datenschutzerkl\u00e4rung vorzunehmen. Es wird empfohlen, diese Datenschutzerkl\u00e4rung regelm\u00e4\u00dfig zu lesen, um sich \u00fcber \u00c4nderungen zu informieren. Dar\u00fcber hinaus informieren wir dich wo immer m\u00f6glich.<h2>6. Zugriff und Bearbeitung deiner Daten<\/h2><p>Wenn du Fragen hast oder wissen m\u00f6chtest, welche pers\u00f6nlichen Daten wir \u00fcber dich haben, kontaktiere uns bitte. Du kannst uns mittels der unten stehenden Informationen erreichen. Du hast die folgenden Rechte:<\/p><ul>\n                <li>Du hast das Recht zu wissen, warum deine pers\u00f6nlichen Daten gebraucht werden, was mit ihnen passiert und wie lange diese verwahrt werden.<\/li>\n                <li>Zugriffsrecht: Du hast das Recht deine uns bekannten pers\u00f6nliche Daten einzusehen.<\/li>\n                <li>Recht auf Berichtigung: Du hast das Recht wann immer du w\u00fcnscht, deine pers\u00f6nlichen Daten zu erg\u00e4nzen, zu korrigieren sowie gel\u00f6scht oder blockiert zu bekommen.<\/li>\n                <li>Wenn du uns dein Einverst\u00e4ndnis zur Verarbeitung deiner Daten gegeben hast, hast du das Recht dieses Einverst\u00e4ndnis zu widerrufen und deine pers\u00f6nlichen Daten l\u00f6schen zu lassen.<\/li>\n                <li>Recht auf Datentransfer deiner Daten: Du hast das Recht, alle deine pers\u00f6nlichen Daten von einem Kontrolleur anzufordern und in ihrer Gesamtheit zu einem anderen Kontrolleur zu transferieren.<\/li>\n                <li>Widerspruchsrecht: Du kannst der Verarbeitung deiner Daten widersprechen. Wir entsprechen dem, es sei denn es gibt berechtigte Gr\u00fcnde f\u00fcr die Verarbeitung.<\/li>\n            <\/ul><p>Bitte stelle sicher, dass du immer klar angibst,  wer du bist, sodass wir sicher sein k\u00f6nnen nicht die Daten der falschen Person zu bearbeiten oder zu l\u00f6schen.<\/p><h2>7. Eine Beschwerde \u00fcbermitteln<\/h2>Wenn du nicht zufrieden mit der Art und Weise bist, in der wir (deine Beschwerde) die Verarbeitung deiner pers\u00f6nlichen Daten handhaben, hast du das Recht eine Beschwerde an die Datenschutzbeh\u00f6rde zu richten.<h2>8. Kontaktdaten<\/h2><p>Ildi-Metal d.o.o.<br>\n        Ledenice donje b.b<br \/>\r\n76250 Grada\u010dac<br>\n        Bosnien und Herzegowina<br>\n        Website: <a href=\"https:\/\/www.ildi-metal.ba\/de\/\">https:\/\/www.ildi-metal.ba\/de\/<\/a> <br>\n        E-Mail: <a href=\"mailto:i&#x6e;f&#x6f;&#x40;&#105;&#x6c;di-metal&#046;ba\">i&#x6e;f&#x6f;&#x40;&#105;&#x6c;di-metal&#046;ba<\/a> <br>\n        Telefonnummer: +387 (0) 35 822 105<br><\/p><h2>Anhang<\/h2><h3>WPML<\/h3>\r\nWPML verwendet Cookies zur Feststellung der aktuellen Sprache des Besuchers, der zuletzt besuchten Sprache und der Sprache der Benutzer, die sich eingeloggt haben.\r\n\r\nW\u00e4hrend Sie das Plugin verwenden, wird WPML die Daten bez\u00fcglich der Seite \u00fcber den Installer teilen. Dabei werden keine Daten vom Benutzer selbst geteilt.\r\n<h3>WPML Translation Management<\/h3>\r\nWPML Translation Management wird die E-Mail-Adresse und den Namen jedes Managers sowie des zugeordneten \u00dcbersetzers und den Inhalt selbst an den erweiterten Translation Editor und die eingesetzten \u00dcbersetzungsdienste senden.\r\n<h3>WPML String Translation<\/h3>\r\nWPML String Translation wird alle Strings an WPMLs erweiterten Translation Editor und an die eingesetzten \u00dcbersetzungsdienste senden.<\/div><\/div>\n\t\t\t\t\t\t<\/div>\n\t\t\t\t<\/div>\n\t\t\t\t\t<\/div>\n\t\t<\/div>\n\t\t\t\t\t<\/div>\n\t\t<\/section>\n\t\t\t\t<\/div>\n\t\t","protected":false},"excerpt":{"rendered":"<p>Datenschutzerkl\u00e4rung<\/p>\n","protected":false},"author":4,"featured_media":0,"parent":0,"menu_order":0,"comment_status":"closed","ping_status":"closed","template":"page-templates\/template-pagebuilder-full-width.php","meta":{"_monsterinsights_skip_tracking":false,"_monsterinsights_sitenote_active":false,"_monsterinsights_sitenote_note":"","_monsterinsights_sitenote_category":0,"footnotes":""},"class_list":["post-1394","page","type-page","status-publish","hentry"],"_links":{"self":[{"href":"https:\/\/www.ildi-metal.ba\/de\/wp-json\/wp\/v2\/pages\/1394","targetHints":{"allow":["GET"]}}],"collection":[{"href":"https:\/\/www.ildi-metal.ba\/de\/wp-json\/wp\/v2\/pages"}],"about":[{"href":"https:\/\/www.ildi-metal.ba\/de\/wp-json\/wp\/v2\/types\/page"}],"author":[{"embeddable":true,"href":"https:\/\/www.ildi-metal.ba\/de\/wp-json\/wp\/v2\/users\/4"}],"replies":[{"embeddable":true,"href":"https:\/\/www.ildi-metal.ba\/de\/wp-json\/wp\/v2\/comments?post=1394"}],"version-history":[{"count":14,"href":"https:\/\/www.ildi-metal.ba\/de\/wp-json\/wp\/v2\/pages\/1394\/revisions"}],"predecessor-version":[{"id":1524,"href":"https:\/\/www.ildi-metal.ba\/de\/wp-json\/wp\/v2\/pages\/1394\/revisions\/1524"}],"wp:attachment":[{"href":"https:\/\/www.ildi-metal.ba\/de\/wp-json\/wp\/v2\/media?parent=1394"}],"curies":[{"name":"wp","href":"https:\/\/api.w.org\/{rel}","templated":true}]}}