{"id":1399,"date":"2021-07-06T08:55:09","date_gmt":"2021-07-06T06:55:09","guid":{"rendered":"https:\/\/www.ildi-metal.ba\/allgemeine-geschaeftsbediungungen\/"},"modified":"2021-07-06T11:02:55","modified_gmt":"2021-07-06T09:02:55","slug":"allgemeine-geschaeftsbediungungen","status":"publish","type":"page","link":"https:\/\/www.ildi-metal.ba\/de\/allgemeine-geschaeftsbediungungen\/","title":{"rendered":"Allgemeine Gesch\u00e4ftsbediungungen"},"content":{"rendered":"\t\t<div data-elementor-type=\"wp-page\" data-elementor-id=\"1399\" class=\"elementor elementor-1399\" data-elementor-post-type=\"page\">\n\t\t\t\t\t\t<section class=\"elementor-section elementor-top-section elementor-element elementor-element-3520184 elementor-section-full_width elementor-section-height-default elementor-section-height-default\" data-id=\"3520184\" data-element_type=\"section\" data-settings=\"{&quot;background_background&quot;:&quot;classic&quot;}\">\n\t\t\t\t\t\t<div class=\"elementor-container elementor-column-gap-no\">\n\t\t\t\t\t<div class=\"elementor-column elementor-col-100 elementor-top-column elementor-element elementor-element-2cc7109\" data-id=\"2cc7109\" data-element_type=\"column\">\n\t\t\t<div class=\"elementor-widget-wrap elementor-element-populated\">\n\t\t\t\t\t\t<div class=\"elementor-element elementor-element-ff0de3c elementor-widget-divider--view-line elementor-widget elementor-widget-global elementor-global-328 elementor-widget-divider\" data-id=\"ff0de3c\" data-element_type=\"widget\" data-widget_type=\"divider.default\">\n\t\t\t\t<div class=\"elementor-widget-container\">\n\t\t\t\t\t\t\t<div class=\"elementor-divider\">\n\t\t\t<span class=\"elementor-divider-separator\">\n\t\t\t\t\t\t<\/span>\n\t\t<\/div>\n\t\t\t\t\t\t<\/div>\n\t\t\t\t<\/div>\n\t\t\t\t\t<\/div>\n\t\t<\/div>\n\t\t\t\t\t<\/div>\n\t\t<\/section>\n\t\t\t\t<section class=\"elementor-section elementor-top-section elementor-element elementor-element-bebc98e elementor-section-boxed elementor-section-height-default elementor-section-height-default\" data-id=\"bebc98e\" data-element_type=\"section\" data-settings=\"{&quot;background_background&quot;:&quot;classic&quot;}\">\n\t\t\t\t\t\t<div class=\"elementor-container elementor-column-gap-default\">\n\t\t\t\t\t<div class=\"elementor-column elementor-col-100 elementor-top-column elementor-element elementor-element-c9951e5\" data-id=\"c9951e5\" data-element_type=\"column\">\n\t\t\t<div class=\"elementor-widget-wrap elementor-element-populated\">\n\t\t\t\t\t\t<div class=\"elementor-element elementor-element-95c813c elementor-widget elementor-widget-heading\" data-id=\"95c813c\" data-element_type=\"widget\" data-widget_type=\"heading.default\">\n\t\t\t\t<div class=\"elementor-widget-container\">\n\t\t\t\t\t<h1 class=\"elementor-heading-title elementor-size-default\">AGB<\/h1>\t\t\t\t<\/div>\n\t\t\t\t<\/div>\n\t\t\t\t\t<\/div>\n\t\t<\/div>\n\t\t\t\t\t<\/div>\n\t\t<\/section>\n\t\t\t\t<section class=\"elementor-section elementor-top-section elementor-element elementor-element-2b6e149d elementor-section-boxed elementor-section-height-default elementor-section-height-default\" data-id=\"2b6e149d\" data-element_type=\"section\" data-settings=\"{&quot;background_background&quot;:&quot;classic&quot;}\">\n\t\t\t\t\t\t<div class=\"elementor-container elementor-column-gap-default\">\n\t\t\t\t\t<div class=\"elementor-column elementor-col-100 elementor-top-column elementor-element elementor-element-13839323\" data-id=\"13839323\" data-element_type=\"column\">\n\t\t\t<div class=\"elementor-widget-wrap elementor-element-populated\">\n\t\t\t\t\t\t<div class=\"elementor-element elementor-element-583c4fa3 elementor-widget elementor-widget-shortcode\" data-id=\"583c4fa3\" data-element_type=\"widget\" data-widget_type=\"shortcode.default\">\n\t\t\t\t<div class=\"elementor-widget-container\">\n\t\t\t\t\t\t\t<div class=\"elementor-shortcode\">\n<!-- This legal document was generated by Complianz Terms &amp; Conditions https:\/\/wordpress.org\/plugins\/complianz-terms-conditions -->\n<div id=\"cmplz-document\" class=\"cmplz-document cmplz-terms-conditions \"><p><i>Die Allgemeinen Gesch\u00e4ftsbedingungen wurden zuletzt am 6. Juli 2021. aktualisiert<\/i><\/p><h2>1. Einf\u00fchrung<\/h2><p>Diese Allgemeinen Gesch\u00e4ftsbedingungen gelten f\u00fcr diese Website und f\u00fcr die Transaktionen im Zusammenhang mit unseren Produkten und Dienstleistungen.&nbsp;Du bist m\u00f6glicherweise an zus\u00e4tzliche Vertr\u00e4ge gebunden, die sich auf deine Beziehung zu uns oder auf Produkte oder Dienstleistungen beziehen, die du von uns erh\u00e4ltst.&nbsp;Wenn Bestimmungen der Zusatzvertr\u00e4ge mit Bestimmungen dieser Bedingungen in Konflikt stehen, haben die Bestimmungen dieser Zusatzvertr\u00e4ge Vorrang.<\/p><h2>2. Verbindlichkeit<\/h2><p>Durch die Registrierung, den Zugriff auf oder die anderweitige Nutzung dieser Website erkl\u00e4rst du dich hiermit einverstanden, an diese unten aufgef\u00fchrten Allgemeinen Gesch\u00e4ftsbedingungen gebunden zu sein.&nbsp;Die blo\u00dfe Nutzung dieser Website setzt die Kenntnis und Akzeptanz dieser Allgemeinen Gesch\u00e4ftsbedingungen voraus.&nbsp;In bestimmten F\u00e4llen k\u00f6nnen wir dich auch bitten, ausdr\u00fccklich zuzustimmen.<\/p><h2>3. Elektronische Kommunikation<\/h2><p>Durch die Nutzung dieser Website oder die Kommunikation mit uns auf elektronischem Wege erkl\u00e4rst du dich damit einverstanden und erkennst an, dass wir auf unserer Website elektronisch mit dir kommunizieren oder dir eine E-Mail senden k\u00f6nnen, und stimmst zu, dass alle Vereinbarungen, Mitteilungen, Offenlegungen und sonstigen Mitteilungen, die wir dir elektronisch zusenden, alle gesetzlichen Anforderungen erf\u00fcllen. Beinhaltet zudem, aber nicht auf die Anforderung beschr\u00e4nkt, dass solche Mitteilungen schriftlich erfolgen sollten.<\/p><h2>4. Geistiges Eigentum<\/h2><p>Wir oder unsere Lizenzgeber besitzen und kontrollieren alle Urheberrechte und sonstigen Rechte an geistigem Eigentum auf der Website sowie die Daten, Informationen und sonstigen Ressourcen, die auf der Website angezeigt werden oder auf der Website zug\u00e4nglich ist.<\/p><p class=\"cmplz-subtitle\">4.1 Alle Rechte vorbehalten<\/p><p>Sofern bestimmte Inhalte nichts anderes vorschreiben, wird dir keine Lizenz oder ein anderes Recht unter Urheber-, Marken-, Patent- oder anderen Rechten an geistigem Eigentum gew\u00e4hrt. &nbsp;Dies bedeutet, dass du keine Ressourcen auf dieser Website verwendest, kopierst, reproduzierst, ausf\u00fchrst, anzeigst, verteilst, in ein elektronisches Medium einbettest, \u00e4nderst, zur\u00fcckentwickelst, dekompilierst, \u00fcbergibst, herunterl\u00e4dst, \u00fcbertragst, monetarisierst, verkaufst, vermarktest oder kommerzialisierst in jeglicher Form, ohne unsere vorherige schriftliche Genehmigung, au\u00dfer und nur insoweit, als dies in den Bestimmungen des zwingenden Rechts (wie dem Recht auf Zitat) anders festgelegt ist.<\/p><h2>5. Newsletter<\/h2><p>Ungeachtet des Obigen, kannst du unseren Newsletter in elektronischer Form an andere Personen weiterleiten, die m\u00f6glicherweise an einem Besuch unserer Website interessiert sind.<\/p><h2>6. Eigentum Drittanbieter<\/h2><p>Unsere Website kann Hyperlinks oder andere Verweise auf Websites anderer Parteien enthalten.&nbsp;Wir \u00fcberwachen oder \u00fcberpr\u00fcfen nicht den Inhalt der Websites anderer Parteien, auf die von dieser Website aus verwiesen wird.&nbsp;Produkte oder Dienstleistungen, die von anderen Websites angeboten werden, unterliegen den Allgemeinen Gesch\u00e4ftsbedingungen dieser Dritten.&nbsp;Auf diesen Websites ge\u00e4u\u00dferte Meinungen oder Materialien werden von uns nicht unbedingt geteilt oder unterst\u00fctzt.<\/p><p>Wir sind nicht verantwortlich f\u00fcr Datenschutzpraktiken oder Inhalte dieser Websites.&nbsp;Du tr\u00e4gst alle Risiken, die mit der Nutzung dieser Websites und damit verbundener Dienste Dritter verbunden sind.&nbsp;Wir \u00fcbernehmen keine Verantwortung f\u00fcr Verluste oder Sch\u00e4den jeglicher Art, die sich aus deiner Weitergabe personenbezogener Daten an Dritte ergeben.<\/p><h2>7. Verantwortungsbewusster Umgang<\/h2><p>Durch den Besuch unserer Website erkl\u00e4rst du dich damit einverstanden, diese nur f\u00fcr die Zwecke zu verwenden, die durch diese Bedingungen, zus\u00e4tzliche Vertr\u00e4ge mit uns sowie geltende Gesetze, Vorschriften und allgemein anerkannte Online-Praktiken und Branchenrichtlinien beabsichtigt und gestattet sind.&nbsp;Du darfst unsere Website oder Dienste nicht verwenden, um Material zu verwenden, zu ver\u00f6ffentlichen oder zu verbreiten, das aus b\u00f6sartiger Computersoftware besteht (oder mit dieser verlinkt ist). Verwende die auf unserer Website gesammelten Daten f\u00fcr Direktmarketingaktivit\u00e4ten oder f\u00fchre systematische oder automatisierte Datenerfassungsaktivit\u00e4ten auf oder in Bezug auf unsere Website durch.<\/p><p>Die Teilnahme an Aktivit\u00e4ten, die Sch\u00e4den an der Website verursachen oder verursachen k\u00f6nnen oder die Leistung, Verf\u00fcgbarkeit oder Zug\u00e4nglichkeit der Website beeintr\u00e4chtigen, ist strengstens untersagt.<\/p><h2>8. R\u00fcckerstattungs- und R\u00fcckgaberecht<\/h2><p class=\"cmplz-subtitle\">8.1 Recht des Widerrufs<\/p><p>Du hast das Recht, innerhalb von 14 Tagen ohne Angabe von Gr\u00fcnden von diesem Vertrag zur\u00fcckzutreten.<\/p><p>Die Widerrufsfrist endet nach 14 Tagen ab dem Tag, an dem du, oder ein von dir angegebener Dritte, au\u00dfer dem Spediteur, den physischen Besitz des letzten Gutes oder den physischen Besitz des letzten Loses oder St\u00fccks erwirbst.<\/p><p>Um das Widerrufsrecht auszu\u00fcben, musst du uns deine Entscheidung zum R\u00fccktritt von diesem Vertrag durch eine eindeutige Erkl\u00e4rung (z. B. einen Brief per Post, Fax oder E-Mail) mitteilen.&nbsp;Unsere Kontaktdaten findest du unten.&nbsp;Du kannst beigef\u00fcgte Muster-<a target=\"_blank\" href=\"https:\/\/www.ildi-metal.ba\/wp-content\/uploads\/complianz\/withdrawal-forms\/withdrawal-form-de.pdf\">Widerrufs-Formular<\/a> verwenden, dies ist jedoch nicht obligatorisch.<\/p><p>Du kannst das Muster-Widerrufsformular oder eine andere eindeutige Erkl\u00e4rung auch elektronisch auf unserer <a href=\"https:\/\/www.ildi-metal.ba\/kontakt\/\">Website<\/a> ausf\u00fcllen und einreichen.<\/p><p>Wenn du diese Option nutzt, werden wir dir unverz\u00fcglich eine Empfangsbest\u00e4tigung \u00fcber einen solchen Widerruf auf einem dauerhaften Medium (z. B. per E-Mail) \u00fcbermitteln.<\/p><p>Um die Widerrufsfrist einzuhalten, reicht es aus, dass du deine Mitteilung \u00fcber die Aus\u00fcbung des Widerrufsrechts vor Ablauf der Widerrufsfrist absendest.<\/p><p class=\"cmplz-subtitle\">8.2 Auswirkungen des Widerrufs<\/p><p>Wenn du von diesem Vertrag zur\u00fccktrittst, erstatten wir dir alle von dir erhaltenen Zahlungen, einschlie\u00dflich der Lieferkosten (mit Ausnahme der zus\u00e4tzlichen Kosten, die sich aus deiner Wahl einer anderen Lieferart als der von dir angebotenen kosteng\u00fcnstigsten Standardlieferungsart ergibt), unverz\u00fcglich und in jedem Fall sp\u00e4testens 14 Tage ab dem Tag, an dem wir \u00fcber deine Entscheidung zum R\u00fccktritt von diesem Vertrag informiert werden.&nbsp;Wir werden diese Erstattung mit denselben Zahlungsmitteln durchf\u00fchren, die du f\u00fcr die urspr\u00fcngliche Transaktion verwendet hast, sofern du nicht ausdr\u00fccklich etwas anderes vereinbart hattest. In jedem Fall fallen f\u00fcr diese Erstattung keine Geb\u00fchren an. <\/p><p>Du musst die Ware zur\u00fccksenden oder uns oder einer von uns zum Empfang der Ware erm\u00e4chtigten Person unverz\u00fcglich und in jedem Fall sp\u00e4testens 14 Tage ab dem Tag, an dem du uns deinen R\u00fccktritt von diesem Vertrag mitteilst, \u00fcbergeben .&nbsp;Die Frist ist eingehalten, wenn du die Ware vor Ablauf der Frist von 14 Tagen zur\u00fccksendest.<\/p><p>Wir k\u00f6nnen die Erstattung zur\u00fcckhalten, bis wir die Ware zur\u00fcckerhalten haben oder du den Nachweis erbracht haben, dass du die Ware zur\u00fcckgeschickt haben, je nachdem, welcher Zeitpunkt der fr\u00fcheste ist.<\/p><p>Du musst die direkten Kosten f\u00fcr die R\u00fccksendung der Ware tragen.<\/p><p>Du haftest nur f\u00fcr Wertminderungen der Waren, die sich aus der Handhabung ergeben, die nicht zur Feststellung der Art, der Merkmale und der Funktionsweise der Waren erforderlich sind.<\/p><p>Bitte beachte, dass es einige gesetzliche Ausnahmen vom Widerrufsrecht gibt und einige Artikel daher nicht zur\u00fcckgegeben oder umgetauscht werden k\u00f6nnen.&nbsp;Wir werden dich informieren, wenn dies in deinem speziellen Fall zutrifft.<\/p><h2>9. Ideeneinreichung<\/h2><p>Reiche keine Ideen, Erfindungen, Werke der Urheberschaft oder andere Informationen ein, die als dein eigenes geistiges Eigentum angesehen werden k\u00f6nnen und welche du uns pr\u00e4sentieren m\u00f6chtest, es sei denn, wir haben zuvor eine Vereinbarung \u00fcber das geistige Eigentum oder eine Geheimhaltungsvereinbarung unterzeichnet.&nbsp;Wenn du uns dies ohne eine solche schriftliche Vereinbarung mitteilst, gew\u00e4hrst du uns eine weltweite, unwiderrufliche, nicht exklusive, lizenzgeb\u00fchrenfreie Lizenz zur Nutzung, Reproduktion, Speicherung, Anpassung, Ver\u00f6ffentlichung, \u00dcbersetzung und Verbreitung deiner Inhalte in bestehenden oder zuk\u00fcnftigen Medien .<\/p><h2>10. Beendigung der Nutzung<\/h2><p>Wir k\u00f6nnen nach eigenem Ermessen den Zugriff auf die Website oder einen darauf befindlichen Service jederzeit vor\u00fcbergehend oder dauerhaft \u00e4ndern oder einstellen.&nbsp;Du erkl\u00e4rst dich damit einverstanden, dass wir weder dir noch Dritten gegen\u00fcber f\u00fcr solche \u00c4nderungen, Aussetzungen oder Unterbrechungen deines Zugriffs auf oder deiner Nutzung der Website oder von Inhalten, die dich m\u00f6glicherweise auf der Website geteilt haben, haften.&nbsp;Du hast keinen Anspruch auf Entsch\u00e4digung oder sonstige Zahlung, selbst wenn bestimmte Funktionen, Einstellungen und\/oder Inhalte, die du beigesteuert hast oder auf die du dich verl\u00e4sst, dauerhaft verloren gehen.&nbsp;Du darfst keine Zugriffsbeschr\u00e4nkungsma\u00dfnahmen auf unserer Website umgehen oder versuchen, sie zu umgehen.<\/p><h2>11. Garantien und Haftung<\/h2><p>Durch nichts in diesem Abschnitt wird eine gesetzlich implizierte Garantie eingeschr\u00e4nkt oder ausgeschlossen, deren Einschr\u00e4nkung oder Ausschluss rechtswidrig w\u00e4re.&nbsp;Diese Website und alle Inhalte der Website werden \"wie sie sind\" und \"wie verf\u00fcgbar\" bereitgestellt und k\u00f6nnen Ungenauigkeiten oder Tippfehler enthalten.&nbsp;Wir lehnen ausdr\u00fccklich jegliche ausdr\u00fcckliche oder stillschweigende Gew\u00e4hrleistung jeglicher Art hinsichtlich der Verf\u00fcgbarkeit, Richtigkeit oder Vollst\u00e4ndigkeit des Inhalts ab.&nbsp;Wir \u00fcbernehmen keine Garantie daf\u00fcr, dass:<\/p><p><ul>\n                    <li>Diese Website oder unser Inhalt wird deinen Anforderungen entsprechen.<\/li>\n                    <li>Diese Website wird ununterbrochen, zeitnah, sicher oder fehlerfrei verf\u00fcgbar sein.<\/li>\n        <\/ul><\/p><p>Nichts auf dieser Website stellt eine rechtliche, finanzielle oder medizinische Beratung jeglicher Art dar oder soll diese darstellen.&nbsp;Wenn du eine Beratung ben\u00f6tigst, solltest du einen geeigneten Fachmann konsultieren.<\/p><p>Die folgenden Bestimmungen dieses Abschnitts gelten im gesetzlich zul\u00e4ssigen H\u00f6chstma\u00df und schr\u00e4nken unsere Haftung in Bezug auf Angelegenheiten, die f\u00fcr uns rechtswidrig oder rechtswidrig w\u00e4ren, unsere Haftung einzuschr\u00e4nken oder auszuschlie\u00dfen, nicht ein oder aus.&nbsp;In keinem Fall haften wir f\u00fcr direkte oder indirekte Sch\u00e4den (einschlie\u00dflich Sch\u00e4den f\u00fcr entgangenen Gewinn oder Umsatz, Verlust oder Besch\u00e4digung von Daten, Software oder Datenbank oder Verlust oder Besch\u00e4digung von Eigentum oder Daten), die dir oder Drittparteien entstehen, die sich aus deinem Zugriff auf oder deiner Nutzung unserer Website ergibt.<\/p><p>Sofern in einem zus\u00e4tzlichen Vertrag nicht ausdr\u00fccklich etwas anderes bestimmt ist, haften wir dir gegen\u00fcber maximal f\u00fcr alle Sch\u00e4den, die aus der Website oder mit Produkten und Dienstleistungen entstehen oder damit in Verbindung stehen, die \u00fcber die Website vermarktet oder verkauft werden, unabh\u00e4ngig von der Form der rechtlichen Schritte, die eine Haftung auferlegen ( Ob vertraglich, nach Billigkeit, Fahrl\u00e4ssigkeit, vors\u00e4tzlichem Verhalten, unerlaubter Handlung oder auf andere Weise) wird auf den Gesamtpreis begrenzt, den du an uns gezahlt hast, um solche Produkte oder Dienstleistungen zu kaufen oder die Website zu nutzen.&nbsp;Diese Begrenzung gilt insgesamt f\u00fcr alle deine Anspr\u00fcche, Handlungen und Klagegr\u00fcnde jeglicher Art und Art.<\/p><h2>12. Privatsph\u00e4re<\/h2><p>Um auf unsere Website und\/oder Dienstleistungen zugreifen zu k\u00f6nnen, musst du im Rahmen des Registrierungsprozesses m\u00f6glicherweise bestimmte Informationen \u00fcber dich selbst angeben.&nbsp;Du stimmst zu, dass alle von dir angegebenen Informationen immer genau, korrekt und aktuell sind.<\/p><p>Wir haben eine Richtlinie entwickelt, um eventuelle Datenschutzbedenken auszur\u00e4umen.&nbsp;Weitere Informationen findeset du in unserer <a href=\"https:\/\/www.ildi-metal.ba\/datenschutzerklaerung-eu\/?cmplz_region_redirect=true\">Datenschutzerkl\u00e4rung<\/a> und in unserer <a href=\"https:\/\/www.ildi-metal.ba\/cookie-richtlinie-eu\/?cmplz_region_redirect=true\">Cookie-Richtlinie<\/a>.<\/p><h2>13. Exportbeschr\u00e4nkungen \/ Einhaltung von Gesetzen<\/h2><p>Der Zugriff auf die Website aus Gebieten oder L\u00e4ndern, in denen der Inhalt oder Kauf der auf der Website verkauften Produkte oder Dienstleistungen illegal ist, ist verboten.&nbsp;Du darfst diese Website nicht unter Versto\u00df gegen die Exportgesetze und -bestimmungen von Bosnien und Herzegowina verwenden.<\/p><h2>14. Zuordnung<\/h2><p>Ohne unsere vorherige schriftliche Zustimmung darfst du deine Rechte und\/oder Pflichten aus diesen Gesch\u00e4ftsbedingungen weder ganz noch teilweise an Dritte abtreten, \u00fcbertragen oder an Dritte weitergeben.&nbsp;Jede angebliche Abtretung, die gegen diesen Abschnitt verst\u00f6\u00dft, ist nichtig.<\/p><h2>15. Verst\u00f6\u00dfe gegen diese Allgemeinen Gesch\u00e4ftsbedingungen<\/h2><p>Ungeachtet unserer anderen Rechte aus diesen Allgemeinen Gesch\u00e4ftsbedingungen k\u00f6nnen wir, wenn du in irgendeiner Weise gegen diese Allgemeinen Gesch\u00e4ftsbedingungen verst\u00f6\u00dft, Ma\u00dfnahmen ergreifen, die wir f\u00fcr angemessen halten, um den Versto\u00df zu behandeln, einschlie\u00dflich der vor\u00fcbergehenden oder dauerhaften Sperrung deines Zugriffs auf die Website und mit der Kontaktaufnahme deines Internetdienstanbieter mit der Aufforderung deinen Zugang zur Website zu sperren und\/oder rechtliche Schritte gegen dich einzuleiten.<\/p><h2>16. H\u00f6here Gewalt<\/h2><p>Mit Ausnahme der Zahlungsverpflichtung, eine Verz\u00f6gerung, ein Vers\u00e4umnis oder eine Unterlassung einer Partei bei der Erf\u00fcllung oder Einhaltung einer ihrer Verpflichtungen aus diesem Vertrag, gilt nicht als Versto\u00df gegen diese Allgemeinen Gesch\u00e4ftsbedingungen, wenn und solange eine solche Verz\u00f6gerung, ein Vers\u00e4umnis oder eine Unterlassung aus einem \u00fcber den vern\u00fcnftigen Grund hinausgehenden Grund der angemessenen Kontrolle dieser Partei liegt.<\/p><h2>17. Entsch\u00e4digung<\/h2><p>Du erkl\u00e4rst dich damit einverstanden, uns von s\u00e4mtlichen Anspr\u00fcchen, Verbindlichkeiten, Sch\u00e4den, Verlusten und Kosten im Zusammenhang mit deiner Verletzung dieser Allgemeinen Gesch\u00e4ftsbedingungen und der geltenden Gesetze, einschlie\u00dflich geistiger Eigentumsrechte und Datenschutzrechte, freizustellen, zu verteidigen und schadlos zu halten.&nbsp;Du wirst uns unverz\u00fcglich unsere Sch\u00e4den, Verluste, Kosten und Aufwendungen im Zusammenhang mit oder aus solchen Anspr\u00fcchen erstatten.<\/p><h2>18. Verzicht<\/h2><p>Das Vers\u00e4umnis, eine der Bestimmungen dieser Allgemeinen Gesch\u00e4ftsbedingungen und einer Vereinbarung durchzusetzen, oder das Vers\u00e4umnis, eine K\u00fcndigungsoption auszu\u00fcben, gilt nicht als Verzicht auf diese Bestimmungen und ber\u00fchrt nicht die G\u00fcltigkeit dieser Allgemeinen Gesch\u00e4ftsbedingungen oder einer dieser Vereinbarungen oder ein Teil davon oder das Recht danach, jede einzelne Bestimmung durchzusetzen.<\/p><h2>19. Sprache<\/h2><p>Diese Allgemeinen Gesch\u00e4ftsbedingungen werden ausschlie\u00dflich in Englisch interpretiert und ausgelegt.&nbsp;Alle Mitteilungen und Korrespondenzen werden ausschlie\u00dflich in dieser Sprache verfasst.<\/p><h2>20. Komplette Vereinbarung<\/h2><p>Diese Allgemeinen Gesch\u00e4ftsbedingungen bilden zusammen mit unseren <a href=\"https:\/\/www.ildi-metal.ba\/datenschutzerklaerung-eu\/?cmplz_region_redirect=true\"> Datenschutzbestimmungen<\/a> und unserer <a href=\"https:\/\/www.ildi-metal.ba\/cookie-richtlinie-eu\/?cmplz_region_redirect=true\">Cookie-Richtlinie<\/a> die gesamte Vereinbarung zwischen dir und Ildi-Metal d.o.o. in Bezug auf deine Nutzung dieser Website.<\/p><h2>21. Aktualisierung dieser Allgemeinen Gesch\u00e4ftsbedingungen<\/h2><p>Wir k\u00f6nnen diese Allgemeinen Gesch\u00e4ftsbedingungen von Zeit zu Zeit aktualisieren.&nbsp;Du bist verpflichtet, diese Allgemeinen Gesch\u00e4ftsbedingungen regelm\u00e4\u00dfig auf \u00c4nderungen oder Aktualisierungen zu \u00fcberpr\u00fcfen.&nbsp;Das zu Beginn dieser Allgemeinen Gesch\u00e4ftsbedingungen angegebene Datum ist das letzte \u00dcberarbeitungsdatum.&nbsp;\u00c4nderungen dieser Allgemeinen Gesch\u00e4ftsbedingungen werden wirksam, sobald solche \u00c4nderungen auf dieser Website ver\u00f6ffentlicht werden.&nbsp;Deine fortgesetzte Nutzung dieser Website nach der Ver\u00f6ffentlichung von \u00c4nderungen oder Aktualisierungen gilt als Hinweis auf deine Zustimmung zur Einhaltung und Bindung dieser Allgemeinen Gesch\u00e4ftsbedingungen.<\/p><h2>22. Rechtswahl und Gerichtsstand<\/h2><p>Diese Allgemeinen Gesch\u00e4ftsbedingungen unterliegen den Gesetzen von Bosnien und Herzegowina. &nbsp;F\u00fcr alle Streitigkeiten im Zusammenhang mit diesen Allgemeinen Gesch\u00e4ftsbedingungen sind die Gerichte von Bosnien und Herzegowina zust\u00e4ndig.&nbsp;Wenn ein Teil oder eine Bestimmung dieser Allgemeinen Gesch\u00e4ftsbedingungen von einem Gericht oder einer anderen Beh\u00f6rde als ung\u00fcltig und \/ oder nach geltendem Recht nicht durchsetzbar befunden wird, wird dieser Teil oder diese Bestimmung im maximal zul\u00e4ssigen Umfang ge\u00e4ndert, gel\u00f6scht und \/ oder durchgesetzt die Absicht dieser Allgemeinen Gesch\u00e4ftsbedingungen verwirklicht.&nbsp;Die \u00fcbrigen Bestimmungen bleiben unber\u00fchrt.<\/p><h2>23. Kontaktinformationen<\/h2><p>Diese Website geh\u00f6rt und wird betrieben von Ildi-Metal d.o.o. .<\/p><p>Du kannst uns bez\u00fcglich dieser Allgemeinen Gesch\u00e4ftsbedingungen \u00fcber unsere Seite <a href=\"https:\/\/www.ildi-metal.ba\/kontakt\/\">Kontakt<\/a> kontaktieren.<\/p><h2>24. Herunterladen<\/h2><p>Du kannst auch unsere Allgemeinen Gesch\u00e4ftsbedingungen als PDF-Datei <a href=\"https:\/\/www.ildi-metal.ba\/wp-content\/plugins\/complianz-terms-conditions\/download.php\">herunterladen<\/a> .<\/p><\/div><\/div>\n\t\t\t\t\t\t<\/div>\n\t\t\t\t<\/div>\n\t\t\t\t\t<\/div>\n\t\t<\/div>\n\t\t\t\t\t<\/div>\n\t\t<\/section>\n\t\t\t\t<\/div>\n\t\t","protected":false},"excerpt":{"rendered":"<p>AGB<\/p>\n","protected":false},"author":4,"featured_media":0,"parent":0,"menu_order":0,"comment_status":"closed","ping_status":"closed","template":"page-templates\/template-pagebuilder-full-width.php","meta":{"_monsterinsights_skip_tracking":false,"_monsterinsights_sitenote_active":false,"_monsterinsights_sitenote_note":"","_monsterinsights_sitenote_category":0,"footnotes":""},"class_list":["post-1399","page","type-page","status-publish","hentry"],"_links":{"self":[{"href":"https:\/\/www.ildi-metal.ba\/de\/wp-json\/wp\/v2\/pages\/1399","targetHints":{"allow":["GET"]}}],"collection":[{"href":"https:\/\/www.ildi-metal.ba\/de\/wp-json\/wp\/v2\/pages"}],"about":[{"href":"https:\/\/www.ildi-metal.ba\/de\/wp-json\/wp\/v2\/types\/page"}],"author":[{"embeddable":true,"href":"https:\/\/www.ildi-metal.ba\/de\/wp-json\/wp\/v2\/users\/4"}],"replies":[{"embeddable":true,"href":"https:\/\/www.ildi-metal.ba\/de\/wp-json\/wp\/v2\/comments?post=1399"}],"version-history":[{"count":6,"href":"https:\/\/www.ildi-metal.ba\/de\/wp-json\/wp\/v2\/pages\/1399\/revisions"}],"predecessor-version":[{"id":1474,"href":"https:\/\/www.ildi-metal.ba\/de\/wp-json\/wp\/v2\/pages\/1399\/revisions\/1474"}],"wp:attachment":[{"href":"https:\/\/www.ildi-metal.ba\/de\/wp-json\/wp\/v2\/media?parent=1399"}],"curies":[{"name":"wp","href":"https:\/\/api.w.org\/{rel}","templated":true}]}}