{"id":916,"date":"2019-09-18T12:15:40","date_gmt":"2019-09-18T10:15:40","guid":{"rendered":"https:\/\/www.ildi-metal.ba\/?page_id=916"},"modified":"2021-07-19T14:59:14","modified_gmt":"2021-07-19T12:59:14","slug":"qualitaet","status":"publish","type":"page","link":"https:\/\/www.ildi-metal.ba\/de\/qualitaet\/","title":{"rendered":"Qualit\u00e4t"},"content":{"rendered":"\t\t<div data-elementor-type=\"wp-post\" data-elementor-id=\"916\" class=\"elementor elementor-916 elementor-325\" data-elementor-post-type=\"page\">\n\t\t\t\t\t\t<section class=\"elementor-section elementor-top-section elementor-element elementor-element-77ef8a3 elementor-section-full_width elementor-section-height-default elementor-section-height-default\" data-id=\"77ef8a3\" data-element_type=\"section\" data-settings=\"{&quot;background_background&quot;:&quot;classic&quot;}\">\n\t\t\t\t\t\t<div class=\"elementor-container elementor-column-gap-no\">\n\t\t\t\t\t<div class=\"elementor-column elementor-col-100 elementor-top-column elementor-element elementor-element-17cbc624\" data-id=\"17cbc624\" data-element_type=\"column\">\n\t\t\t<div class=\"elementor-widget-wrap elementor-element-populated\">\n\t\t\t\t\t\t<div class=\"elementor-element elementor-element-5ef2a2a9 elementor-widget-divider--view-line elementor-widget elementor-widget-global elementor-global-328 elementor-widget-divider\" data-id=\"5ef2a2a9\" data-element_type=\"widget\" data-widget_type=\"divider.default\">\n\t\t\t\t<div class=\"elementor-widget-container\">\n\t\t\t\t\t\t\t<div class=\"elementor-divider\">\n\t\t\t<span class=\"elementor-divider-separator\">\n\t\t\t\t\t\t<\/span>\n\t\t<\/div>\n\t\t\t\t\t\t<\/div>\n\t\t\t\t<\/div>\n\t\t\t\t\t<\/div>\n\t\t<\/div>\n\t\t\t\t\t<\/div>\n\t\t<\/section>\n\t\t\t\t<section class=\"elementor-section elementor-top-section elementor-element elementor-element-7770b295 elementor-section-boxed elementor-section-height-default elementor-section-height-default\" data-id=\"7770b295\" data-element_type=\"section\" data-settings=\"{&quot;background_background&quot;:&quot;classic&quot;}\">\n\t\t\t\t\t\t<div class=\"elementor-container elementor-column-gap-default\">\n\t\t\t\t\t<div class=\"elementor-column elementor-col-100 elementor-top-column elementor-element elementor-element-1e3b34a3\" data-id=\"1e3b34a3\" data-element_type=\"column\">\n\t\t\t<div class=\"elementor-widget-wrap elementor-element-populated\">\n\t\t\t\t\t\t<div class=\"elementor-element elementor-element-67961dfd elementor-widget elementor-widget-heading\" data-id=\"67961dfd\" data-element_type=\"widget\" data-widget_type=\"heading.default\">\n\t\t\t\t<div class=\"elementor-widget-container\">\n\t\t\t\t\t<h1 class=\"elementor-heading-title elementor-size-default\">Qualit\u00e4t<\/h1>\t\t\t\t<\/div>\n\t\t\t\t<\/div>\n\t\t\t\t\t<\/div>\n\t\t<\/div>\n\t\t\t\t\t<\/div>\n\t\t<\/section>\n\t\t\t\t<section class=\"elementor-section elementor-top-section elementor-element elementor-element-49e4cb5d elementor-section-boxed elementor-section-height-default elementor-section-height-default\" data-id=\"49e4cb5d\" data-element_type=\"section\" data-settings=\"{&quot;background_background&quot;:&quot;classic&quot;}\">\n\t\t\t\t\t\t<div class=\"elementor-container elementor-column-gap-default\">\n\t\t\t\t\t<div class=\"elementor-column elementor-col-100 elementor-top-column elementor-element elementor-element-68c8b119\" data-id=\"68c8b119\" data-element_type=\"column\">\n\t\t\t<div class=\"elementor-widget-wrap elementor-element-populated\">\n\t\t\t\t\t\t<div class=\"elementor-element elementor-element-6035e2d9 elementor-widget elementor-widget-text-editor\" data-id=\"6035e2d9\" data-element_type=\"widget\" data-widget_type=\"text-editor.default\">\n\t\t\t\t<div class=\"elementor-widget-container\">\n\t\t\t\t\t\t\t\t\t<p>Die Firma <b>Ildi-Metal d.o.o<\/b> Gradacac ist auf Basis von jahrelanger pers\u00f6nlicher Entwicklung und Erfahrung auf dem Gebiet der CNC-Technologie gegr\u00fcndet worden. Eine Jahrzehnt lange erfolgreiche unternehmerische T\u00e4tigkeit ist der Beweis von Qualit\u00e4t, Zuverl\u00e4ssigkeit und Pr\u00e4zision. Von dem haben sich unsere Kunden \u00fcberzeugt, darunter zahlreiche europ\u00e4ische Unternehmen, mit welchen wir zusammenarbeiten. <\/p>\t\t\t\t\t\t\t\t<\/div>\n\t\t\t\t<\/div>\n\t\t\t\t<div class=\"elementor-element elementor-element-78d33786 elementor-widget-divider--view-line elementor-widget elementor-widget-global elementor-global-328 elementor-widget-divider\" data-id=\"78d33786\" data-element_type=\"widget\" data-widget_type=\"divider.default\">\n\t\t\t\t<div class=\"elementor-widget-container\">\n\t\t\t\t\t\t\t<div class=\"elementor-divider\">\n\t\t\t<span class=\"elementor-divider-separator\">\n\t\t\t\t\t\t<\/span>\n\t\t<\/div>\n\t\t\t\t\t\t<\/div>\n\t\t\t\t<\/div>\n\t\t\t\t<div class=\"elementor-element elementor-element-4a807435 elementor-widget elementor-widget-text-editor\" data-id=\"4a807435\" data-element_type=\"widget\" data-widget_type=\"text-editor.default\">\n\t\t\t\t<div class=\"elementor-widget-container\">\n\t\t\t\t\t\t\t\t\t<p>Unsere Mission ist es, Werkzeuge, Maschinenteile und andere Produkte mit Hilfe von moderner CNC-Technologie und qualitativ hochwertigen Import-Komponenten herzustellen. All dies tun wir f\u00fcr einen tieferen Preis, damit unsere Produkte auch f\u00fcr kleinere Unternehmen erschwinglich sind.<br \/><a href=\"https:\/\/www.ildi-metal.ba\/de\/kontakt\/\"> Kontaktieren Sie uns<\/a> und \u00fcberzeugen Sie sich selbst in die Qualit\u00e4t unserer Arbeit!<\/p>\t\t\t\t\t\t\t\t<\/div>\n\t\t\t\t<\/div>\n\t\t\t\t<section class=\"elementor-section elementor-inner-section elementor-element elementor-element-31fa8d02 elementor-section-boxed elementor-section-height-default elementor-section-height-default\" data-id=\"31fa8d02\" data-element_type=\"section\">\n\t\t\t\t\t\t<div class=\"elementor-container elementor-column-gap-default\">\n\t\t\t\t\t<div class=\"elementor-column elementor-col-50 elementor-inner-column elementor-element elementor-element-4529cb3a\" data-id=\"4529cb3a\" data-element_type=\"column\">\n\t\t\t<div class=\"elementor-widget-wrap elementor-element-populated\">\n\t\t\t\t\t\t<div class=\"elementor-element elementor-element-4af45b23 elementor-widget elementor-widget-image\" data-id=\"4af45b23\" data-element_type=\"widget\" data-widget_type=\"image.default\">\n\t\t\t\t<div class=\"elementor-widget-container\">\n\t\t\t\t\t\t\t\t\t\t\t\t\t\t\t\t<a href=\"https:\/\/www.ildi-metal.ba\/wp-content\/uploads\/2019\/09\/Sertifikat-DE.jpg\" data-elementor-open-lightbox=\"yes\" data-elementor-lightbox-title=\"Sertifikat-DE\" data-e-action-hash=\"#elementor-action%3Aaction%3Dlightbox%26settings%3DeyJpZCI6MTE2MiwidXJsIjoiaHR0cHM6XC9cL3d3dy5pbGRpLW1ldGFsLmJhXC93cC1jb250ZW50XC91cGxvYWRzXC8yMDE5XC8wOVwvU2VydGlmaWthdC1ERS5qcGcifQ%3D%3D\">\n\t\t\t\t\t\t\t<img decoding=\"async\" src=\"https:\/\/www.ildi-metal.ba\/wp-content\/uploads\/elementor\/thumbs\/Sertifikat-DE-qtbedos725cia75nerckywgb22w8wa40ixhemej558.jpg\" title=\"Sertifikat-DE\" alt=\"Sertifikat-DE\" loading=\"lazy\" \/>\t\t\t\t\t\t\t\t<\/a>\n\t\t\t\t\t\t\t\t\t\t\t\t\t\t\t<\/div>\n\t\t\t\t<\/div>\n\t\t\t\t\t<\/div>\n\t\t<\/div>\n\t\t\t\t<div class=\"elementor-column elementor-col-50 elementor-inner-column elementor-element elementor-element-5fe6ed14\" data-id=\"5fe6ed14\" data-element_type=\"column\">\n\t\t\t<div class=\"elementor-widget-wrap elementor-element-populated\">\n\t\t\t\t\t\t<div class=\"elementor-element elementor-element-5838a4c9 elementor-widget elementor-widget-heading\" data-id=\"5838a4c9\" data-element_type=\"widget\" data-widget_type=\"heading.default\">\n\t\t\t\t<div class=\"elementor-widget-container\">\n\t\t\t\t\t<h5 class=\"elementor-heading-title elementor-size-default\">ISO 9001:2015 \u2013 Qualit\u00e4tsmanagement<\/h5>\t\t\t\t<\/div>\n\t\t\t\t<\/div>\n\t\t\t\t<div class=\"elementor-element elementor-element-74d93eec elementor-widget elementor-widget-text-editor\" data-id=\"74d93eec\" data-element_type=\"widget\" data-widget_type=\"text-editor.default\">\n\t\t\t\t<div class=\"elementor-widget-container\">\n\t\t\t\t\t\t\t\t\tDie Qualit\u00e4tskontrolle ist Teil jedes Prozesses in der ganzen Organisation des Unternehmens (Verkauf, Einkauf, Research &amp; Development, Produktion, etc.). Alle Prozesse werden unter kontrollierten Bedingungen durchgef\u00fchrt:<o:p><\/o:p>\n<ul>\n \t<li>Prozessbeschreibung (Input, Output, Prozessinhaber, Prozessablauf, Verantwortung)<\/li>\n \t<li>Definition von messbaren Zielen anhand von vergleichbaren Daten<\/li>\n \t<li>Messung und Kontrolle des Prozesses mittels \u201eKey Performance Indicators\u201c<\/li>\n \t<li>Datenanalyse und Berichterstattung der Prozesseffektivit\u00e4t<\/li>\n \t<li>Prozessverbesserung<\/li>\n<\/ul>\n<o:p><\/o:p>\n\nDas ISO 9001-Qualit\u00e4tsmanagementsystem wird heute weltweit angewendet, und die Zertifizierung dieses Systems ist ein allgemein anerkannter Nachweis daf\u00fcr, dass ein Produkt oder eine Dienstleistung den Qualit\u00e4tsanforderungen entspricht.\u00a0<o:p><\/o:p>\t\t\t\t\t\t\t\t<\/div>\n\t\t\t\t<\/div>\n\t\t\t\t\t<\/div>\n\t\t<\/div>\n\t\t\t\t\t<\/div>\n\t\t<\/section>\n\t\t\t\t\t<\/div>\n\t\t<\/div>\n\t\t\t\t\t<\/div>\n\t\t<\/section>\n\t\t\t\t<section class=\"elementor-section elementor-top-section elementor-element elementor-element-65dea2d9 elementor-section-boxed elementor-section-height-default elementor-section-height-default\" data-id=\"65dea2d9\" data-element_type=\"section\" data-settings=\"{&quot;background_background&quot;:&quot;classic&quot;}\">\n\t\t\t\t\t\t<div class=\"elementor-container elementor-column-gap-default\">\n\t\t\t\t\t<div class=\"elementor-column elementor-col-100 elementor-top-column elementor-element elementor-element-1bf539e0\" data-id=\"1bf539e0\" data-element_type=\"column\">\n\t\t\t<div class=\"elementor-widget-wrap elementor-element-populated\">\n\t\t\t\t\t\t<div class=\"elementor-element elementor-element-69e31074 elementor-widget elementor-widget-heading\" data-id=\"69e31074\" data-element_type=\"widget\" data-widget_type=\"heading.default\">\n\t\t\t\t<div class=\"elementor-widget-container\">\n\t\t\t\t\t<h3 class=\"elementor-heading-title elementor-size-default\">Messger\u00e4te<\/h3>\t\t\t\t<\/div>\n\t\t\t\t<\/div>\n\t\t\t\t<section class=\"elementor-section elementor-inner-section elementor-element elementor-element-70342f88 elementor-section-boxed elementor-section-height-default elementor-section-height-default\" data-id=\"70342f88\" data-element_type=\"section\">\n\t\t\t\t\t\t<div class=\"elementor-container elementor-column-gap-default\">\n\t\t\t\t\t<div class=\"elementor-column elementor-col-50 elementor-inner-column elementor-element elementor-element-37f47929\" data-id=\"37f47929\" data-element_type=\"column\">\n\t\t\t<div class=\"elementor-widget-wrap elementor-element-populated\">\n\t\t\t\t\t\t<div class=\"elementor-element elementor-element-357b10bc elementor-position-top elementor-widget elementor-widget-image-box\" data-id=\"357b10bc\" data-element_type=\"widget\" data-widget_type=\"image-box.default\">\n\t\t\t\t<div class=\"elementor-widget-container\">\n\t\t\t\t\t<div class=\"elementor-image-box-wrapper\"><figure class=\"elementor-image-box-img\"><img fetchpriority=\"high\" decoding=\"async\" width=\"750\" height=\"419\" src=\"https:\/\/www.ildi-metal.ba\/wp-content\/uploads\/2019\/07\/QM-Data-2-2.png\" class=\"attachment-full size-full wp-image-400\" alt=\"\" srcset=\"https:\/\/www.ildi-metal.ba\/wp-content\/uploads\/2019\/07\/QM-Data-2-2.png 750w, https:\/\/www.ildi-metal.ba\/wp-content\/uploads\/2019\/07\/QM-Data-2-2-300x168.png 300w\" sizes=\"(max-width: 750px) 100vw, 750px\" \/><\/figure><div class=\"elementor-image-box-content\"><h3 class=\"elementor-image-box-title\">QM-Height Mitutoyo<\/h3><\/div><\/div>\t\t\t\t<\/div>\n\t\t\t\t<\/div>\n\t\t\t\t<div class=\"elementor-element elementor-element-7f55587f elementor-align-center elementor-widget elementor-widget-button\" data-id=\"7f55587f\" data-element_type=\"widget\" data-widget_type=\"button.default\">\n\t\t\t\t<div class=\"elementor-widget-container\">\n\t\t\t\t\t\t\t\t\t<div class=\"elementor-button-wrapper\">\n\t\t\t\t\t<a class=\"elementor-button elementor-button-link elementor-size-sm\" href=\"https:\/\/ecatalog.mitutoyo.com\/QM-Height-Series-518-High-Precision-ABSOLUTE-Digital-Height-Gage-C1267.aspx\" target=\"_blank\" rel=\"noopener\">\n\t\t\t\t\t\t<span class=\"elementor-button-content-wrapper\">\n\t\t\t\t\t\t\t\t\t<span class=\"elementor-button-text\">Weitere Informationen<\/span>\n\t\t\t\t\t<\/span>\n\t\t\t\t\t<\/a>\n\t\t\t\t<\/div>\n\t\t\t\t\t\t\t\t<\/div>\n\t\t\t\t<\/div>\n\t\t\t\t\t<\/div>\n\t\t<\/div>\n\t\t\t\t<div class=\"elementor-column elementor-col-50 elementor-inner-column elementor-element elementor-element-78a996e3\" data-id=\"78a996e3\" data-element_type=\"column\">\n\t\t\t<div class=\"elementor-widget-wrap elementor-element-populated\">\n\t\t\t\t\t\t<div class=\"elementor-element elementor-element-14938e60 elementor-position-top elementor-widget elementor-widget-image-box\" data-id=\"14938e60\" data-element_type=\"widget\" data-widget_type=\"image-box.default\">\n\t\t\t\t<div class=\"elementor-widget-container\">\n\t\t\t\t\t<div class=\"elementor-image-box-wrapper\"><figure class=\"elementor-image-box-img\"><img decoding=\"async\" width=\"750\" height=\"419\" src=\"https:\/\/www.ildi-metal.ba\/wp-content\/uploads\/2019\/07\/CV-2100M4_FS_desktop.jpg\" class=\"attachment-full size-full wp-image-394\" alt=\"\" srcset=\"https:\/\/www.ildi-metal.ba\/wp-content\/uploads\/2019\/07\/CV-2100M4_FS_desktop.jpg 750w, https:\/\/www.ildi-metal.ba\/wp-content\/uploads\/2019\/07\/CV-2100M4_FS_desktop-300x168.jpg 300w\" sizes=\"(max-width: 750px) 100vw, 750px\" \/><\/figure><div class=\"elementor-image-box-content\"><h3 class=\"elementor-image-box-title\">Contracer CV-2100<\/h3><\/div><\/div>\t\t\t\t<\/div>\n\t\t\t\t<\/div>\n\t\t\t\t<div class=\"elementor-element elementor-element-2da1eb6c elementor-align-center elementor-widget elementor-widget-button\" data-id=\"2da1eb6c\" data-element_type=\"widget\" data-widget_type=\"button.default\">\n\t\t\t\t<div class=\"elementor-widget-container\">\n\t\t\t\t\t\t\t\t\t<div class=\"elementor-button-wrapper\">\n\t\t\t\t\t<a class=\"elementor-button elementor-button-link elementor-size-sm\" href=\"https:\/\/ecatalog.mitutoyo.com\/Contracer-CV-2100-Series-218-Contour-Measuring-Instruments-C1599.aspx\" target=\"_blank\" rel=\"noopener\">\n\t\t\t\t\t\t<span class=\"elementor-button-content-wrapper\">\n\t\t\t\t\t\t\t\t\t<span class=\"elementor-button-text\">Weitere Informationen<\/span>\n\t\t\t\t\t<\/span>\n\t\t\t\t\t<\/a>\n\t\t\t\t<\/div>\n\t\t\t\t\t\t\t\t<\/div>\n\t\t\t\t<\/div>\n\t\t\t\t\t<\/div>\n\t\t<\/div>\n\t\t\t\t\t<\/div>\n\t\t<\/section>\n\t\t\t\t\t<\/div>\n\t\t<\/div>\n\t\t\t\t\t<\/div>\n\t\t<\/section>\n\t\t\t\t<\/div>\n\t\t","protected":false},"excerpt":{"rendered":"<p>Qualit\u00e4t Die Firma Ildi-Metal d.o.o Gradacac ist auf Basis von jahrelanger pers\u00f6nlicher Entwicklung und Erfahrung auf dem Gebiet der CNC-Technologie gegr\u00fcndet worden. Eine Jahrzehnt lange erfolgreiche unternehmerische T\u00e4tigkeit ist der Beweis von Qualit\u00e4t, Zuverl\u00e4ssigkeit und Pr\u00e4zision. Von dem haben sich unsere Kunden \u00fcberzeugt, darunter zahlreiche europ\u00e4ische Unternehmen, mit welchen wir [&hellip;]<\/p>\n","protected":false},"author":1,"featured_media":0,"parent":0,"menu_order":0,"comment_status":"closed","ping_status":"closed","template":"page-templates\/template-pagebuilder-full-width.php","meta":{"_monsterinsights_skip_tracking":false,"_monsterinsights_sitenote_active":false,"_monsterinsights_sitenote_note":"","_monsterinsights_sitenote_category":0,"footnotes":""},"class_list":["post-916","page","type-page","status-publish","hentry"],"_links":{"self":[{"href":"https:\/\/www.ildi-metal.ba\/de\/wp-json\/wp\/v2\/pages\/916","targetHints":{"allow":["GET"]}}],"collection":[{"href":"https:\/\/www.ildi-metal.ba\/de\/wp-json\/wp\/v2\/pages"}],"about":[{"href":"https:\/\/www.ildi-metal.ba\/de\/wp-json\/wp\/v2\/types\/page"}],"author":[{"embeddable":true,"href":"https:\/\/www.ildi-metal.ba\/de\/wp-json\/wp\/v2\/users\/1"}],"replies":[{"embeddable":true,"href":"https:\/\/www.ildi-metal.ba\/de\/wp-json\/wp\/v2\/comments?post=916"}],"version-history":[{"count":17,"href":"https:\/\/www.ildi-metal.ba\/de\/wp-json\/wp\/v2\/pages\/916\/revisions"}],"predecessor-version":[{"id":1775,"href":"https:\/\/www.ildi-metal.ba\/de\/wp-json\/wp\/v2\/pages\/916\/revisions\/1775"}],"wp:attachment":[{"href":"https:\/\/www.ildi-metal.ba\/de\/wp-json\/wp\/v2\/media?parent=916"}],"curies":[{"name":"wp","href":"https:\/\/api.w.org\/{rel}","templated":true}]}}