{"id":938,"date":"2019-09-18T12:26:47","date_gmt":"2019-09-18T10:26:47","guid":{"rendered":"https:\/\/www.ildi-metal.ba\/?page_id=938"},"modified":"2021-07-19T15:24:40","modified_gmt":"2021-07-19T13:24:40","slug":"media","status":"publish","type":"page","link":"https:\/\/www.ildi-metal.ba\/de\/media\/","title":{"rendered":"Media"},"content":{"rendered":"\t\t<div data-elementor-type=\"wp-post\" data-elementor-id=\"938\" class=\"elementor elementor-938 elementor-560\" data-elementor-post-type=\"page\">\n\t\t\t\t\t\t<section class=\"elementor-section elementor-top-section elementor-element elementor-element-39b219ad elementor-section-full_width elementor-section-height-default elementor-section-height-default\" data-id=\"39b219ad\" data-element_type=\"section\" data-settings=\"{&quot;background_background&quot;:&quot;classic&quot;}\">\n\t\t\t\t\t\t<div class=\"elementor-container elementor-column-gap-no\">\n\t\t\t\t\t<div class=\"elementor-column elementor-col-100 elementor-top-column elementor-element elementor-element-52fdcda6\" data-id=\"52fdcda6\" data-element_type=\"column\">\n\t\t\t<div class=\"elementor-widget-wrap elementor-element-populated\">\n\t\t\t\t\t\t<div class=\"elementor-element elementor-element-5b8e0370 elementor-widget-divider--view-line elementor-widget elementor-widget-divider\" data-id=\"5b8e0370\" data-element_type=\"widget\" data-widget_type=\"divider.default\">\n\t\t\t\t<div class=\"elementor-widget-container\">\n\t\t\t\t\t\t\t<div class=\"elementor-divider\">\n\t\t\t<span class=\"elementor-divider-separator\">\n\t\t\t\t\t\t<\/span>\n\t\t<\/div>\n\t\t\t\t\t\t<\/div>\n\t\t\t\t<\/div>\n\t\t\t\t\t<\/div>\n\t\t<\/div>\n\t\t\t\t\t<\/div>\n\t\t<\/section>\n\t\t\t\t<section class=\"elementor-section elementor-top-section elementor-element elementor-element-4ee216da elementor-section-boxed elementor-section-height-default elementor-section-height-default\" data-id=\"4ee216da\" data-element_type=\"section\" data-settings=\"{&quot;background_background&quot;:&quot;classic&quot;}\">\n\t\t\t\t\t\t<div class=\"elementor-container elementor-column-gap-default\">\n\t\t\t\t\t<div class=\"elementor-column elementor-col-100 elementor-top-column elementor-element elementor-element-53ee13a6\" data-id=\"53ee13a6\" data-element_type=\"column\">\n\t\t\t<div class=\"elementor-widget-wrap elementor-element-populated\">\n\t\t\t\t\t\t<div class=\"elementor-element elementor-element-2b4c7460 elementor-widget elementor-widget-heading\" data-id=\"2b4c7460\" data-element_type=\"widget\" data-widget_type=\"heading.default\">\n\t\t\t\t<div class=\"elementor-widget-container\">\n\t\t\t\t\t<h1 class=\"elementor-heading-title elementor-size-default\">Medien<\/h1>\t\t\t\t<\/div>\n\t\t\t\t<\/div>\n\t\t\t\t<div class=\"elementor-element elementor-element-2c0020b4 elementor-widget elementor-widget-text-editor\" data-id=\"2c0020b4\" data-element_type=\"widget\" data-widget_type=\"text-editor.default\">\n\t\t\t\t<div class=\"elementor-widget-container\">\n\t\t\t\t\t\t\t\t\t<p>Wir m\u00f6chten unseren Kunden die Arbeitsprozesse, Metallbearbeitung und CNC-Maschinen, die wir in unserem Maschinenpark besitzen, vorstellen. Durch die Videos k\u00f6nnen Sie sich von unserer Qualit\u00e4t und unserer Professionalit\u00e4t \u00fcberzeugen lassen.<br \/>Willkommen bei <b>Ildi \u2013 Metal!<\/b><\/p>\t\t\t\t\t\t\t\t<\/div>\n\t\t\t\t<\/div>\n\t\t\t\t<div class=\"elementor-element elementor-element-7baa001 elementor-widget-divider--view-line elementor-widget elementor-widget-divider\" data-id=\"7baa001\" data-element_type=\"widget\" data-widget_type=\"divider.default\">\n\t\t\t\t<div class=\"elementor-widget-container\">\n\t\t\t\t\t\t\t<div class=\"elementor-divider\">\n\t\t\t<span class=\"elementor-divider-separator\">\n\t\t\t\t\t\t<\/span>\n\t\t<\/div>\n\t\t\t\t\t\t<\/div>\n\t\t\t\t<\/div>\n\t\t\t\t\t<\/div>\n\t\t<\/div>\n\t\t\t\t\t<\/div>\n\t\t<\/section>\n\t\t\t\t<section class=\"elementor-section elementor-top-section elementor-element elementor-element-4400df31 elementor-section-boxed elementor-section-height-default elementor-section-height-default\" data-id=\"4400df31\" data-element_type=\"section\" data-settings=\"{&quot;background_background&quot;:&quot;classic&quot;}\">\n\t\t\t\t\t\t<div class=\"elementor-container elementor-column-gap-default\">\n\t\t\t\t\t<div class=\"elementor-column elementor-col-100 elementor-top-column elementor-element elementor-element-501546c3\" data-id=\"501546c3\" data-element_type=\"column\">\n\t\t\t<div class=\"elementor-widget-wrap elementor-element-populated\">\n\t\t\t\t\t\t<section class=\"elementor-section elementor-inner-section elementor-element elementor-element-7cc978f7 elementor-section-boxed elementor-section-height-default elementor-section-height-default\" data-id=\"7cc978f7\" data-element_type=\"section\">\n\t\t\t\t\t\t<div class=\"elementor-container elementor-column-gap-default\">\n\t\t\t\t\t<div class=\"elementor-column elementor-col-33 elementor-inner-column elementor-element elementor-element-7ef5dc1c\" data-id=\"7ef5dc1c\" data-element_type=\"column\">\n\t\t\t<div class=\"elementor-widget-wrap elementor-element-populated\">\n\t\t\t\t\t\t<div class=\"elementor-element elementor-element-1e1d9dce elementor-position-top elementor-widget elementor-widget-image-box\" data-id=\"1e1d9dce\" data-element_type=\"widget\" data-widget_type=\"image-box.default\">\n\t\t\t\t<div class=\"elementor-widget-container\">\n\t\t\t\t\t<div class=\"elementor-image-box-wrapper\"><figure class=\"elementor-image-box-img\"><img fetchpriority=\"high\" decoding=\"async\" width=\"3508\" height=\"4961\" src=\"https:\/\/www.ildi-metal.ba\/wp-content\/uploads\/2019\/09\/Sertifikat-DE.jpg\" class=\"attachment-full size-full wp-image-1162\" alt=\"\" srcset=\"https:\/\/www.ildi-metal.ba\/wp-content\/uploads\/2019\/09\/Sertifikat-DE.jpg 3508w, https:\/\/www.ildi-metal.ba\/wp-content\/uploads\/2019\/09\/Sertifikat-DE-212x300.jpg 212w, https:\/\/www.ildi-metal.ba\/wp-content\/uploads\/2019\/09\/Sertifikat-DE-768x1086.jpg 768w, https:\/\/www.ildi-metal.ba\/wp-content\/uploads\/2019\/09\/Sertifikat-DE-724x1024.jpg 724w\" sizes=\"(max-width: 3508px) 100vw, 3508px\" \/><\/figure><div class=\"elementor-image-box-content\"><h3 class=\"elementor-image-box-title\">ISO 9001:2015<\/h3><\/div><\/div>\t\t\t\t<\/div>\n\t\t\t\t<\/div>\n\t\t\t\t\t<\/div>\n\t\t<\/div>\n\t\t\t\t<div class=\"elementor-column elementor-col-33 elementor-inner-column elementor-element elementor-element-393c42ff\" data-id=\"393c42ff\" data-element_type=\"column\">\n\t\t\t<div class=\"elementor-widget-wrap\">\n\t\t\t\t\t\t\t<\/div>\n\t\t<\/div>\n\t\t\t\t<div class=\"elementor-column elementor-col-33 elementor-inner-column elementor-element elementor-element-207ea9c1\" data-id=\"207ea9c1\" data-element_type=\"column\">\n\t\t\t<div class=\"elementor-widget-wrap\">\n\t\t\t\t\t\t\t<\/div>\n\t\t<\/div>\n\t\t\t\t\t<\/div>\n\t\t<\/section>\n\t\t\t\t\t<\/div>\n\t\t<\/div>\n\t\t\t\t\t<\/div>\n\t\t<\/section>\n\t\t\t\t<\/div>\n\t\t","protected":false},"excerpt":{"rendered":"<p>Medien Wir m\u00f6chten unseren Kunden die Arbeitsprozesse, Metallbearbeitung und CNC-Maschinen, die wir in unserem Maschinenpark besitzen, vorstellen. Durch die Videos k\u00f6nnen Sie sich von unserer Qualit\u00e4t und unserer Professionalit\u00e4t \u00fcberzeugen lassen.Willkommen bei Ildi \u2013 Metal! ISO 9001:2015<\/p>\n","protected":false},"author":1,"featured_media":0,"parent":0,"menu_order":0,"comment_status":"closed","ping_status":"closed","template":"page-templates\/template-pagebuilder-full-width.php","meta":{"_monsterinsights_skip_tracking":false,"_monsterinsights_sitenote_active":false,"_monsterinsights_sitenote_note":"","_monsterinsights_sitenote_category":0,"footnotes":""},"class_list":["post-938","page","type-page","status-publish","hentry"],"_links":{"self":[{"href":"https:\/\/www.ildi-metal.ba\/de\/wp-json\/wp\/v2\/pages\/938","targetHints":{"allow":["GET"]}}],"collection":[{"href":"https:\/\/www.ildi-metal.ba\/de\/wp-json\/wp\/v2\/pages"}],"about":[{"href":"https:\/\/www.ildi-metal.ba\/de\/wp-json\/wp\/v2\/types\/page"}],"author":[{"embeddable":true,"href":"https:\/\/www.ildi-metal.ba\/de\/wp-json\/wp\/v2\/users\/1"}],"replies":[{"embeddable":true,"href":"https:\/\/www.ildi-metal.ba\/de\/wp-json\/wp\/v2\/comments?post=938"}],"version-history":[{"count":7,"href":"https:\/\/www.ildi-metal.ba\/de\/wp-json\/wp\/v2\/pages\/938\/revisions"}],"predecessor-version":[{"id":1805,"href":"https:\/\/www.ildi-metal.ba\/de\/wp-json\/wp\/v2\/pages\/938\/revisions\/1805"}],"wp:attachment":[{"href":"https:\/\/www.ildi-metal.ba\/de\/wp-json\/wp\/v2\/media?parent=938"}],"curies":[{"name":"wp","href":"https:\/\/api.w.org\/{rel}","templated":true}]}}