{"id":957,"date":"2019-09-18T12:38:33","date_gmt":"2019-09-18T10:38:33","guid":{"rendered":"https:\/\/www.ildi-metal.ba\/?page_id=957"},"modified":"2021-07-19T15:18:01","modified_gmt":"2021-07-19T13:18:01","slug":"ueber-uns","status":"publish","type":"page","link":"https:\/\/www.ildi-metal.ba\/de\/ueber-uns\/","title":{"rendered":"\u00dcber uns"},"content":{"rendered":"\t\t<div data-elementor-type=\"wp-post\" data-elementor-id=\"957\" class=\"elementor elementor-957 elementor-413\" data-elementor-post-type=\"page\">\n\t\t\t\t\t\t<section class=\"elementor-section elementor-top-section elementor-element elementor-element-2532d53c elementor-section-full_width elementor-section-height-default elementor-section-height-default\" data-id=\"2532d53c\" data-element_type=\"section\" data-settings=\"{&quot;background_background&quot;:&quot;classic&quot;}\">\n\t\t\t\t\t\t<div class=\"elementor-container elementor-column-gap-no\">\n\t\t\t\t\t<div class=\"elementor-column elementor-col-100 elementor-top-column elementor-element elementor-element-10c86a01\" data-id=\"10c86a01\" data-element_type=\"column\">\n\t\t\t<div class=\"elementor-widget-wrap elementor-element-populated\">\n\t\t\t\t\t\t<div class=\"elementor-element elementor-element-476a9d3c elementor-widget-divider--view-line elementor-widget elementor-widget-divider\" data-id=\"476a9d3c\" data-element_type=\"widget\" data-widget_type=\"divider.default\">\n\t\t\t\t<div class=\"elementor-widget-container\">\n\t\t\t\t\t\t\t<div class=\"elementor-divider\">\n\t\t\t<span class=\"elementor-divider-separator\">\n\t\t\t\t\t\t<\/span>\n\t\t<\/div>\n\t\t\t\t\t\t<\/div>\n\t\t\t\t<\/div>\n\t\t\t\t\t<\/div>\n\t\t<\/div>\n\t\t\t\t\t<\/div>\n\t\t<\/section>\n\t\t\t\t<section class=\"elementor-section elementor-top-section elementor-element elementor-element-be3edeb elementor-section-boxed elementor-section-height-default elementor-section-height-default\" data-id=\"be3edeb\" data-element_type=\"section\" data-settings=\"{&quot;background_background&quot;:&quot;classic&quot;}\">\n\t\t\t\t\t\t<div class=\"elementor-container elementor-column-gap-default\">\n\t\t\t\t\t<div class=\"elementor-column elementor-col-100 elementor-top-column elementor-element elementor-element-1a753b08\" data-id=\"1a753b08\" data-element_type=\"column\">\n\t\t\t<div class=\"elementor-widget-wrap elementor-element-populated\">\n\t\t\t\t\t\t<div class=\"elementor-element elementor-element-15874c60 elementor-widget elementor-widget-heading\" data-id=\"15874c60\" data-element_type=\"widget\" data-widget_type=\"heading.default\">\n\t\t\t\t<div class=\"elementor-widget-container\">\n\t\t\t\t\t<h1 class=\"elementor-heading-title elementor-size-default\">\u00dcber uns<\/h1>\t\t\t\t<\/div>\n\t\t\t\t<\/div>\n\t\t\t\t\t<\/div>\n\t\t<\/div>\n\t\t\t\t\t<\/div>\n\t\t<\/section>\n\t\t\t\t<section class=\"elementor-section elementor-top-section elementor-element elementor-element-4f10e833 elementor-section-boxed elementor-section-height-default elementor-section-height-default\" data-id=\"4f10e833\" data-element_type=\"section\" data-settings=\"{&quot;background_background&quot;:&quot;classic&quot;}\">\n\t\t\t\t\t\t<div class=\"elementor-container elementor-column-gap-default\">\n\t\t\t\t\t<div class=\"elementor-column elementor-col-100 elementor-top-column elementor-element elementor-element-69652d5c\" data-id=\"69652d5c\" data-element_type=\"column\">\n\t\t\t<div class=\"elementor-widget-wrap elementor-element-populated\">\n\t\t\t\t\t\t<div class=\"elementor-element elementor-element-53b1a49 elementor-widget elementor-widget-text-editor\" data-id=\"53b1a49\" data-element_type=\"widget\" data-widget_type=\"text-editor.default\">\n\t\t\t\t<div class=\"elementor-widget-container\">\n\t\t\t\t\t\t\t\t\tIldi \u2013 Metal d.o.o. Gradacac ist seit 2008 in der Metallverarbeitungsindustrie t\u00e4tig. Mit modernen CNC-Technologien bearbeiten wir alle Arten von Metallen und Kunststoffen, CNC-Fr\u00e4sen, CNC-Drechseln und Schleifen,\nEisenbearbeitung, Lackierung, Schwei\u00dfen und Montieren von Baugruppen.\t\t\t\t\t\t\t\t<\/div>\n\t\t\t\t<\/div>\n\t\t\t\t<div class=\"elementor-element elementor-element-5dd6a392 elementor-widget-divider--view-line elementor-widget elementor-widget-divider\" data-id=\"5dd6a392\" data-element_type=\"widget\" data-widget_type=\"divider.default\">\n\t\t\t\t<div class=\"elementor-widget-container\">\n\t\t\t\t\t\t\t<div class=\"elementor-divider\">\n\t\t\t<span class=\"elementor-divider-separator\">\n\t\t\t\t\t\t<\/span>\n\t\t<\/div>\n\t\t\t\t\t\t<\/div>\n\t\t\t\t<\/div>\n\t\t\t\t\t<\/div>\n\t\t<\/div>\n\t\t\t\t\t<\/div>\n\t\t<\/section>\n\t\t\t\t<section class=\"elementor-section elementor-top-section elementor-element elementor-element-fdf8a63 elementor-section-boxed elementor-section-height-default elementor-section-height-default\" data-id=\"fdf8a63\" data-element_type=\"section\" data-settings=\"{&quot;background_background&quot;:&quot;classic&quot;}\">\n\t\t\t\t\t\t<div class=\"elementor-container elementor-column-gap-default\">\n\t\t\t\t\t<div class=\"elementor-column elementor-col-33 elementor-top-column elementor-element elementor-element-3a47e58\" data-id=\"3a47e58\" data-element_type=\"column\">\n\t\t\t<div class=\"elementor-widget-wrap elementor-element-populated\">\n\t\t\t\t\t\t<div class=\"elementor-element elementor-element-33149ac elementor-widget elementor-widget-text-editor\" data-id=\"33149ac\" data-element_type=\"widget\" data-widget_type=\"text-editor.default\">\n\t\t\t\t<div class=\"elementor-widget-container\">\n\t\t\t\t\t\t\t\t\tIn der Produktion verf\u00fcgen wir \u00fcber modernste Ger\u00e4te, mit denen wir anspruchsvolle Arbeiten ausf\u00fchren k\u00f6nnen.\n<br><br>\nMit einer breiten Palette integrierter Technologien gehen wir auf nahezu alle spezifischen Bed\u00fcrfnisse ein ohne externe Hilfe zu beantragen. Dies sichert unsere Qualit\u00e4t, da die Kontrolle der Prozesse in unserer Hand bleiben.\n<br><br>\nAuf diese Weise vermeiden wir Instabilit\u00e4ten bei der Einhaltung von Terminen und der Qualit\u00e4t durch Lieferanten in der Region und nutzen gleichzeitig die Standortvorteile, wie z.B niedrige Produktionskosten und gro\u00dfe Steuerverg\u00fcnstigungen aus.\t\t\t\t\t\t\t\t<\/div>\n\t\t\t\t<\/div>\n\t\t\t\t<div class=\"elementor-element elementor-element-6e9d162 elementor-widget elementor-widget-text-editor\" data-id=\"6e9d162\" data-element_type=\"widget\" data-widget_type=\"text-editor.default\">\n\t\t\t\t<div class=\"elementor-widget-container\">\n\t\t\t\t\t\t\t\t\t<h3 style=\"font-size: 18px;\">Dienstleistungen zur Herstellung von Metallerzeugnissen:<\/h3>\n<ul>\n \t<li>Bearbeitungsgenauigkeit: 0,006 mm<\/li>\n \t<li>Gravierungen<\/li>\n \t<li>Ausarbeitung von Gussformen<\/li>\n \t<li>Schweissen<\/li>\n \t<li>Schleifen<\/li>\n <li>Positioniergenauigkeit: 0,003 mm<\/li>\n \t<li>Ausarbeitung von 3D Modellen<\/li>\n \t<li>Polieren<\/li>\n \t<li>Fertigung von Wekzeugen<\/li>\n \t<li>Lackierungen<\/li>\n \t<li>Zuschneidung aller Arten von Materialien<\/li>\n \t<li>Sch\u00e4rfen von Werkzeugen<\/li>\n<\/ul>\t\t\t\t\t\t\t\t<\/div>\n\t\t\t\t<\/div>\n\t\t\t\t\t<\/div>\n\t\t<\/div>\n\t\t\t\t<div class=\"elementor-column elementor-col-66 elementor-top-column elementor-element elementor-element-4f4f47f\" data-id=\"4f4f47f\" data-element_type=\"column\">\n\t\t\t<div class=\"elementor-widget-wrap elementor-element-populated\">\n\t\t\t\t\t\t<div class=\"elementor-element elementor-element-75c1faf elementor-widget elementor-widget-text-editor\" data-id=\"75c1faf\" data-element_type=\"widget\" data-widget_type=\"text-editor.default\">\n\t\t\t\t<div class=\"elementor-widget-container\">\n\t\t\t\t\t\t\t\t\t<iframe width=\"560\" height=\"400\" src=\"https:\/\/www.youtube.com\/embed\/QwI8APBYfdw?rel=0\" frameborder=\"0\" allow=\"accelerometer; autoplay; encrypted-media; gyroscope; picture-in-picture\" allowfullscreen=\"allowfullscreen\"><\/iframe>\t\t\t\t\t\t\t\t<\/div>\n\t\t\t\t<\/div>\n\t\t\t\t<section class=\"elementor-section elementor-inner-section elementor-element elementor-element-5190721 elementor-section-boxed elementor-section-height-default elementor-section-height-default\" data-id=\"5190721\" data-element_type=\"section\">\n\t\t\t\t\t\t<div class=\"elementor-container elementor-column-gap-no\">\n\t\t\t\t\t<div class=\"elementor-column elementor-col-50 elementor-inner-column elementor-element elementor-element-7c57d0b\" data-id=\"7c57d0b\" data-element_type=\"column\">\n\t\t\t<div class=\"elementor-widget-wrap elementor-element-populated\">\n\t\t\t\t\t\t<div class=\"elementor-element elementor-element-ad948ad elementor-widget elementor-widget-image\" data-id=\"ad948ad\" data-element_type=\"widget\" data-widget_type=\"image.default\">\n\t\t\t\t<div class=\"elementor-widget-container\">\n\t\t\t\t\t\t\t\t\t\t\t\t\t\t\t\t<a href=\"https:\/\/www.ildi-metal.ba\/wp-content\/uploads\/2019\/09\/1-2.jpg\" data-elementor-open-lightbox=\"yes\" data-elementor-lightbox-title=\"1.jpg\" data-e-action-hash=\"#elementor-action%3Aaction%3Dlightbox%26settings%3DeyJpZCI6OTU5LCJ1cmwiOiJodHRwczpcL1wvd3d3LmlsZGktbWV0YWwuYmFcL3dwLWNvbnRlbnRcL3VwbG9hZHNcLzIwMTlcLzA5XC8xLTIuanBnIn0%3D\">\n\t\t\t\t\t\t\t<img fetchpriority=\"high\" decoding=\"async\" width=\"1920\" height=\"1080\" src=\"https:\/\/www.ildi-metal.ba\/wp-content\/uploads\/2019\/09\/1-2.jpg\" class=\"attachment-full size-full wp-image-959\" alt=\"\" srcset=\"https:\/\/www.ildi-metal.ba\/wp-content\/uploads\/2019\/09\/1-2.jpg 1920w, https:\/\/www.ildi-metal.ba\/wp-content\/uploads\/2019\/09\/1-2-300x169.jpg 300w, https:\/\/www.ildi-metal.ba\/wp-content\/uploads\/2019\/09\/1-2-768x432.jpg 768w, https:\/\/www.ildi-metal.ba\/wp-content\/uploads\/2019\/09\/1-2-1024x576.jpg 1024w\" sizes=\"(max-width: 1920px) 100vw, 1920px\" \/>\t\t\t\t\t\t\t\t<\/a>\n\t\t\t\t\t\t\t\t\t\t\t\t\t\t\t<\/div>\n\t\t\t\t<\/div>\n\t\t\t\t\t<\/div>\n\t\t<\/div>\n\t\t\t\t<div class=\"elementor-column elementor-col-50 elementor-inner-column elementor-element elementor-element-aa53a30\" data-id=\"aa53a30\" data-element_type=\"column\">\n\t\t\t<div class=\"elementor-widget-wrap elementor-element-populated\">\n\t\t\t\t\t\t<div class=\"elementor-element elementor-element-1cac6f1 elementor-widget elementor-widget-image\" data-id=\"1cac6f1\" data-element_type=\"widget\" data-widget_type=\"image.default\">\n\t\t\t\t<div class=\"elementor-widget-container\">\n\t\t\t\t\t\t\t\t\t\t\t\t\t\t\t\t<a href=\"https:\/\/www.ildi-metal.ba\/wp-content\/uploads\/2019\/10\/1-1.jpg\" data-elementor-open-lightbox=\"yes\" data-elementor-lightbox-title=\"1-1\" data-e-action-hash=\"#elementor-action%3Aaction%3Dlightbox%26settings%3DeyJpZCI6MTE5NSwidXJsIjoiaHR0cHM6XC9cL3d3dy5pbGRpLW1ldGFsLmJhXC93cC1jb250ZW50XC91cGxvYWRzXC8yMDE5XC8xMFwvMS0xLmpwZyJ9\">\n\t\t\t\t\t\t\t<img decoding=\"async\" width=\"1920\" height=\"1080\" src=\"https:\/\/www.ildi-metal.ba\/wp-content\/uploads\/2019\/10\/1-1.jpg\" class=\"attachment-full size-full wp-image-1195\" alt=\"\" srcset=\"https:\/\/www.ildi-metal.ba\/wp-content\/uploads\/2019\/10\/1-1.jpg 1920w, https:\/\/www.ildi-metal.ba\/wp-content\/uploads\/2019\/10\/1-1-300x169.jpg 300w, https:\/\/www.ildi-metal.ba\/wp-content\/uploads\/2019\/10\/1-1-768x432.jpg 768w, https:\/\/www.ildi-metal.ba\/wp-content\/uploads\/2019\/10\/1-1-1024x576.jpg 1024w\" sizes=\"(max-width: 1920px) 100vw, 1920px\" \/>\t\t\t\t\t\t\t\t<\/a>\n\t\t\t\t\t\t\t\t\t\t\t\t\t\t\t<\/div>\n\t\t\t\t<\/div>\n\t\t\t\t\t<\/div>\n\t\t<\/div>\n\t\t\t\t\t<\/div>\n\t\t<\/section>\n\t\t\t\t\t<\/div>\n\t\t<\/div>\n\t\t\t\t\t<\/div>\n\t\t<\/section>\n\t\t\t\t<\/div>\n\t\t","protected":false},"excerpt":{"rendered":"<p>\u00dcber uns Ildi \u2013 Metal d.o.o. Gradacac ist seit 2008 in der Metallverarbeitungsindustrie t\u00e4tig. Mit modernen CNC-Technologien bearbeiten wir alle Arten von Metallen und Kunststoffen, CNC-Fr\u00e4sen, CNC-Drechseln und Schleifen, Eisenbearbeitung, Lackierung, Schwei\u00dfen und Montieren von Baugruppen. In der Produktion verf\u00fcgen wir \u00fcber modernste Ger\u00e4te, mit denen wir anspruchsvolle Arbeiten ausf\u00fchren [&hellip;]<\/p>\n","protected":false},"author":1,"featured_media":0,"parent":0,"menu_order":0,"comment_status":"closed","ping_status":"closed","template":"page-templates\/template-pagebuilder-full-width.php","meta":{"_monsterinsights_skip_tracking":false,"_monsterinsights_sitenote_active":false,"_monsterinsights_sitenote_note":"","_monsterinsights_sitenote_category":0,"footnotes":""},"class_list":["post-957","page","type-page","status-publish","hentry"],"_links":{"self":[{"href":"https:\/\/www.ildi-metal.ba\/de\/wp-json\/wp\/v2\/pages\/957","targetHints":{"allow":["GET"]}}],"collection":[{"href":"https:\/\/www.ildi-metal.ba\/de\/wp-json\/wp\/v2\/pages"}],"about":[{"href":"https:\/\/www.ildi-metal.ba\/de\/wp-json\/wp\/v2\/types\/page"}],"author":[{"embeddable":true,"href":"https:\/\/www.ildi-metal.ba\/de\/wp-json\/wp\/v2\/users\/1"}],"replies":[{"embeddable":true,"href":"https:\/\/www.ildi-metal.ba\/de\/wp-json\/wp\/v2\/comments?post=957"}],"version-history":[{"count":15,"href":"https:\/\/www.ildi-metal.ba\/de\/wp-json\/wp\/v2\/pages\/957\/revisions"}],"predecessor-version":[{"id":1798,"href":"https:\/\/www.ildi-metal.ba\/de\/wp-json\/wp\/v2\/pages\/957\/revisions\/1798"}],"wp:attachment":[{"href":"https:\/\/www.ildi-metal.ba\/de\/wp-json\/wp\/v2\/media?parent=957"}],"curies":[{"name":"wp","href":"https:\/\/api.w.org\/{rel}","templated":true}]}}